{"id":13,"date":"2021-05-12T18:32:48","date_gmt":"2021-05-12T18:32:48","guid":{"rendered":"http:\/\/sv-strasser.at\/?page_id=13"},"modified":"2022-03-23T10:44:47","modified_gmt":"2022-03-23T09:44:47","slug":"uebermich","status":"publish","type":"page","link":"https:\/\/sv-strasser.at\/?page_id=13","title":{"rendered":"\u00dcber mich"},"content":{"rendered":"\t\t<div data-elementor-type=\"wp-page\" data-elementor-id=\"13\" class=\"elementor elementor-13\">\n\t\t\t\t\t\t<section class=\"elementor-section elementor-top-section elementor-element elementor-element-4dc1059 elementor-section-boxed elementor-section-height-default elementor-section-height-default\" data-id=\"4dc1059\" data-element_type=\"section\">\n\t\t\t\t\t\t<div class=\"elementor-container elementor-column-gap-default\">\n\t\t\t\t\t<div class=\"elementor-column elementor-col-100 elementor-top-column elementor-element elementor-element-77d5388\" data-id=\"77d5388\" data-element_type=\"column\">\n\t\t\t<div class=\"elementor-widget-wrap elementor-element-populated\">\n\t\t\t\t\t\t<div class=\"elementor-element elementor-element-ced082a elementor-widget elementor-widget-heading\" data-id=\"ced082a\" data-element_type=\"widget\" data-widget_type=\"heading.default\">\n\t\t\t\t<div class=\"elementor-widget-container\">\n\t\t\t\t\t<h1 class=\"elementor-heading-title elementor-size-default\">\u00dcBER MICH<\/h1>\t\t\t\t<\/div>\n\t\t\t\t<\/div>\n\t\t\t\t\t<\/div>\n\t\t<\/div>\n\t\t\t\t\t<\/div>\n\t\t<\/section>\n\t\t\t\t<section class=\"elementor-section elementor-top-section elementor-element elementor-element-a82ca13 elementor-section-boxed elementor-section-height-default elementor-section-height-default\" data-id=\"a82ca13\" data-element_type=\"section\">\n\t\t\t\t\t\t<div class=\"elementor-container elementor-column-gap-default\">\n\t\t\t\t\t<div class=\"elementor-column elementor-col-33 elementor-top-column elementor-element elementor-element-b11163e\" data-id=\"b11163e\" data-element_type=\"column\">\n\t\t\t<div class=\"elementor-widget-wrap elementor-element-populated\">\n\t\t\t\t\t\t<div class=\"elementor-element elementor-element-742338e elementor-widget elementor-widget-image\" data-id=\"742338e\" data-element_type=\"widget\" data-widget_type=\"image.default\">\n\t\t\t\t<div class=\"elementor-widget-container\">\n\t\t\t\t\t\t\t\t\t\t\t\t\t\t\t\t<a href=\"http:\/\/sv-strasser.at\/wp-content\/uploads\/2021\/06\/wstrasser_profilbild.jpg\" data-elementor-open-lightbox=\"yes\" data-elementor-lightbox-title=\"WStrasser_Profilbild\" data-e-action-hash=\"#elementor-action%3Aaction%3Dlightbox%26settings%3DeyJpZCI6NTc0LCJ1cmwiOiJodHRwczpcL1wvc3Ytc3RyYXNzZXIuYXRcL3dwLWNvbnRlbnRcL3VwbG9hZHNcLzIwMjFcLzA2XC93c3RyYXNzZXJfcHJvZmlsYmlsZC5qcGcifQ%3D%3D\">\n\t\t\t\t\t\t\t<img fetchpriority=\"high\" decoding=\"async\" width=\"768\" height=\"1152\" src=\"https:\/\/sv-strasser.at\/wp-content\/uploads\/2021\/06\/wstrasser_profilbild-768x1152.jpg\" class=\"attachment-medium_large size-medium_large wp-image-574\" alt=\"Profil Bild von Wolfgang Strasser\" srcset=\"https:\/\/sv-strasser.at\/wp-content\/uploads\/2021\/06\/wstrasser_profilbild-768x1152.jpg 768w, https:\/\/sv-strasser.at\/wp-content\/uploads\/2021\/06\/wstrasser_profilbild-200x300.jpg 200w, https:\/\/sv-strasser.at\/wp-content\/uploads\/2021\/06\/wstrasser_profilbild-683x1024.jpg 683w, https:\/\/sv-strasser.at\/wp-content\/uploads\/2021\/06\/wstrasser_profilbild-1024x1536.jpg 1024w, https:\/\/sv-strasser.at\/wp-content\/uploads\/2021\/06\/wstrasser_profilbild-1365x2048.jpg 1365w, https:\/\/sv-strasser.at\/wp-content\/uploads\/2021\/06\/wstrasser_profilbild.jpg 1707w\" sizes=\"(max-width: 768px) 100vw, 768px\" \/>\t\t\t\t\t\t\t\t<\/a>\n\t\t\t\t\t\t\t\t\t\t\t\t\t\t\t<\/div>\n\t\t\t\t<\/div>\n\t\t\t\t\t<\/div>\n\t\t<\/div>\n\t\t\t\t<div class=\"elementor-column elementor-col-66 elementor-top-column elementor-element elementor-element-c79cc7b\" data-id=\"c79cc7b\" data-element_type=\"column\">\n\t\t\t<div class=\"elementor-widget-wrap elementor-element-populated\">\n\t\t\t\t\t\t<div class=\"elementor-element elementor-element-bb62ed0 elementor-hidden-phone elementor-widget elementor-widget-spacer\" data-id=\"bb62ed0\" data-element_type=\"widget\" data-widget_type=\"spacer.default\">\n\t\t\t\t<div class=\"elementor-widget-container\">\n\t\t\t\t\t\t\t<div class=\"elementor-spacer\">\n\t\t\t<div class=\"elementor-spacer-inner\"><\/div>\n\t\t<\/div>\n\t\t\t\t\t\t<\/div>\n\t\t\t\t<\/div>\n\t\t\t\t<div class=\"elementor-element elementor-element-925badc elementor-widget__width-initial elementor-widget elementor-widget-text-editor\" data-id=\"925badc\" data-element_type=\"widget\" data-widget_type=\"text-editor.default\">\n\t\t\t\t<div class=\"elementor-widget-container\">\n\t\t\t\t\t\t\t\t\t<p>Wolfgang Strasser, MBA<br \/>wohnhaft in St. Gilgen am Wolfgangsee<\/p><p style=\"text-align: left;\">Ich bin ein unabh\u00e4ngiger, objektiver und unparteilicher Sachverst\u00e4ndiger f\u00fcr Immobilien. Bereits seit 20 Jahren bin ich in der Immobilienbranche t\u00e4tig.<\/p><p>Seit 2020 kann ich mein Know-how als allgemein beeideter und gerichtlich zertifizierter Sachverst\u00e4ndiger f\u00fcr Immobilienbewertung als Dienstleistung anbieten.<\/p>\t\t\t\t\t\t\t\t<\/div>\n\t\t\t\t<\/div>\n\t\t\t\t<div class=\"elementor-element elementor-element-81b2fc1 elementor-widget elementor-widget-spacer\" data-id=\"81b2fc1\" data-element_type=\"widget\" data-widget_type=\"spacer.default\">\n\t\t\t\t<div class=\"elementor-widget-container\">\n\t\t\t\t\t\t\t<div class=\"elementor-spacer\">\n\t\t\t<div class=\"elementor-spacer-inner\"><\/div>\n\t\t<\/div>\n\t\t\t\t\t\t<\/div>\n\t\t\t\t<\/div>\n\t\t\t\t<div class=\"elementor-element elementor-element-16e624b elementor-align-right elementor-widget elementor-widget-button\" data-id=\"16e624b\" data-element_type=\"widget\" data-widget_type=\"button.default\">\n\t\t\t\t<div class=\"elementor-widget-container\">\n\t\t\t\t\t\t\t\t\t<div class=\"elementor-button-wrapper\">\n\t\t\t\t\t<a class=\"elementor-button elementor-button-link elementor-size-sm\" href=\"http:\/\/strasser.immobilien\/kontakt\">\n\t\t\t\t\t\t<span class=\"elementor-button-content-wrapper\">\n\t\t\t\t\t\t\t\t\t<span class=\"elementor-button-text\">Kontakt aufnehmen<\/span>\n\t\t\t\t\t<\/span>\n\t\t\t\t\t<\/a>\n\t\t\t\t<\/div>\n\t\t\t\t\t\t\t\t<\/div>\n\t\t\t\t<\/div>\n\t\t\t\t\t<\/div>\n\t\t<\/div>\n\t\t\t\t\t<\/div>\n\t\t<\/section>\n\t\t\t\t<section class=\"elementor-section elementor-top-section elementor-element elementor-element-bca3ca4 elementor-section-boxed elementor-section-height-default elementor-section-height-default\" data-id=\"bca3ca4\" data-element_type=\"section\">\n\t\t\t\t\t\t<div class=\"elementor-container elementor-column-gap-default\">\n\t\t\t\t\t<div class=\"elementor-column elementor-col-100 elementor-top-column elementor-element elementor-element-f54c861\" data-id=\"f54c861\" data-element_type=\"column\">\n\t\t\t<div class=\"elementor-widget-wrap elementor-element-populated\">\n\t\t\t\t\t\t<div class=\"elementor-element elementor-element-4eeea2b elementor-widget elementor-widget-spacer\" data-id=\"4eeea2b\" data-element_type=\"widget\" data-widget_type=\"spacer.default\">\n\t\t\t\t<div class=\"elementor-widget-container\">\n\t\t\t\t\t\t\t<div class=\"elementor-spacer\">\n\t\t\t<div class=\"elementor-spacer-inner\"><\/div>\n\t\t<\/div>\n\t\t\t\t\t\t<\/div>\n\t\t\t\t<\/div>\n\t\t\t\t\t<\/div>\n\t\t<\/div>\n\t\t\t\t\t<\/div>\n\t\t<\/section>\n\t\t\t\t<section class=\"elementor-section elementor-top-section elementor-element elementor-element-e60255a elementor-section-boxed elementor-section-height-default elementor-section-height-default\" data-id=\"e60255a\" data-element_type=\"section\">\n\t\t\t\t\t\t<div class=\"elementor-container elementor-column-gap-default\">\n\t\t\t\t\t<div class=\"elementor-column elementor-col-100 elementor-top-column elementor-element elementor-element-8c4079c\" data-id=\"8c4079c\" data-element_type=\"column\">\n\t\t\t<div class=\"elementor-widget-wrap elementor-element-populated\">\n\t\t\t\t\t\t<div class=\"elementor-element elementor-element-1c3558d elementor-widget elementor-widget-timeline-widget-addon\" data-id=\"1c3558d\" data-element_type=\"widget\" data-widget_type=\"timeline-widget-addon.default\">\n\t\t\t\t<div class=\"elementor-widget-container\">\n\t\t\t\t\t<!-- ========= Timeline Widget Addon For Elementor 1.6.24 ========= -->\n<div id=\"twae-wrapper-1c3558d\" class=\"twae-vertical twae-wrapper  twae-both-sided\">   \n    <div class=\"twae-start\"><\/div>    \n    <div id=\"twea-timeline-1c3558d\" class=\"twae-timeline\" ><!-- Start of Story Repeater Content --><div id=\"story-63af397\" class=\"twae-story twae-repeater-item twae-story-right twae-story-no-icon\"><!-- Story Label --><div class=\"twae-labels\"><div class=\"twae-label-big\">Jahr 2008<\/div><div class=\"twae-label-small\">Ausbildung<\/div><\/div><!-- Story Icon --><div class=\"twae-icon\"><i aria-hidden=\"true\" class=\"far fa-clock\"><\/i><\/div><!-- Story Arrow --><div class=\"twae-arrow\"><\/div><!-- Start of Story Content --><div class=\"twae-content\"><!-- Story Title --><div class=\"twae-title\">Immobilienverwalter &amp; Immobilienmakler<\/div><!-- Story Description --><div class=\"twae-description\"><p>Bef\u00e4higungspr\u00fcfung f\u00fcr Immobilienverwalter und Immobilienmakler bei der Meisterpr\u00fcfstelle der Wirtschaftskammer Salzburg abgelegt.<\/p><\/div><\/div><\/div><!-- Start of Story Repeater Content --><div id=\"story-dd84a94\" class=\"twae-story twae-repeater-item twae-story-left twae-story-no-icon\"><!-- Story Label --><div class=\"twae-labels\"><div class=\"twae-label-big\">Jahr 2018<\/div><div class=\"twae-label-small\">Ausbildung<\/div><\/div><!-- Story Icon --><div class=\"twae-icon\"><i aria-hidden=\"true\" class=\"far fa-clock\"><\/i><\/div><!-- Story Arrow --><div class=\"twae-arrow\"><\/div><!-- Start of Story Content --><div class=\"twae-content\"><!-- Story Title --><div class=\"twae-title\">Executive MBA in General Management<\/div><!-- Story Description --><div class=\"twae-description\"><p>Erfolgreich an der Alpen-Adria-Universit\u00e4t Klagenfurt abgelegt<\/p><\/div><\/div><\/div><!-- Start of Story Repeater Content --><div id=\"story-084fe36\" class=\"twae-story twae-repeater-item twae-story-right twae-story-no-icon\"><!-- Story Label --><div class=\"twae-labels\"><div class=\"twae-label-big\">Jahr 2019<\/div><div class=\"twae-label-small\">Ausbildung<\/div><\/div><!-- Story Icon --><div class=\"twae-icon\"><i aria-hidden=\"true\" class=\"far fa-clock\"><\/i><\/div><!-- Story Arrow --><div class=\"twae-arrow\"><\/div><!-- Start of Story Content --><div class=\"twae-content\"><!-- Story Title --><div class=\"twae-title\">Lehrgang Liegenschaftsbewertung<\/div><!-- Story Description --><div class=\"twae-description\"><p>2019 habe ich die Universit\u00e4tsveranstaltung \u201eLiegenschaftsbewertung\u201c des Departments f\u00fcr Bauen und Umwelt der Donau-Universit\u00e4t Krems in Kooperation mit der LBA Liegenschaftsbewertungsakademie erfolgreich abgeschlossen.<\/p><\/div><\/div><\/div><!-- Start of Story Repeater Content --><div id=\"story-920f931\" class=\"twae-story twae-repeater-item twae-story-left twae-story-no-icon\"><!-- Story Label --><div class=\"twae-labels\"><div class=\"twae-label-big\">Jahr 2020<\/div><div class=\"twae-label-small\">Beeidigung<\/div><\/div><!-- Story Icon --><div class=\"twae-icon\"><i aria-hidden=\"true\" class=\"far fa-clock\"><\/i><\/div><!-- Story Arrow --><div class=\"twae-arrow\"><\/div><!-- Start of Story Content --><div class=\"twae-content\"><!-- Story Title --><div class=\"twae-title\">Allgemein beeideter &amp;  gerichtlich zertifizierter Immobiliensachverst\u00e4ndiger<\/div><!-- Story Image --><div class=\"twae-media large\"><img decoding=\"async\" width=\"1024\" height=\"1024\" src=\"https:\/\/sv-strasser.at\/wp-content\/uploads\/2021\/06\/sv-gerichtssachverstaendige-wappen-1024x1024.jpg\" class=\"attachment-large size-large\" alt=\"SV Gerichtssachverst\u00e4ndige Wappen for W. Strasser Liegenschaftsbewertung\" srcset=\"https:\/\/sv-strasser.at\/wp-content\/uploads\/2021\/06\/sv-gerichtssachverstaendige-wappen-1024x1024.jpg 1024w, https:\/\/sv-strasser.at\/wp-content\/uploads\/2021\/06\/sv-gerichtssachverstaendige-wappen-300x300.jpg 300w, https:\/\/sv-strasser.at\/wp-content\/uploads\/2021\/06\/sv-gerichtssachverstaendige-wappen-150x150.jpg 150w, https:\/\/sv-strasser.at\/wp-content\/uploads\/2021\/06\/sv-gerichtssachverstaendige-wappen-768x768.jpg 768w, https:\/\/sv-strasser.at\/wp-content\/uploads\/2021\/06\/sv-gerichtssachverstaendige-wappen.jpg 1519w\" sizes=\"(max-width: 1024px) 100vw, 1024px\" \/><\/div><!-- Story Description --><div class=\"twae-description\"><p>Eintragung in den Fachgebieten Wohnungseigentum 94.20 und Mietzins\/Nutzungsentgelt 94.60.&nbsp;<\/p><\/div><\/div><\/div><\/div>\n    <div class=\"twae-end\"><\/div>\n    <\/div><style type=\"text\/css\">.elementor-13 .elementor-element.elementor-element-1c3558d .twae-wrapper.twae-vertical .twae-story{margin-bottom:60px!important}.elementor-13 .elementor-element.elementor-element-1c3558d .twae-title{font-family:Helvetica;}.elementor-13 .elementor-element.elementor-element-1c3558d .twae-label-big{}@media (max-width: 1024px){ .twae-wrapper{--tw-ybx-size: 80px !important;}}@media (max-width: 767px){ .twae-wrapper{--tw-ybx-size: 80px !important}}<\/style>\t\t\t\t<\/div>\n\t\t\t\t<\/div>\n\t\t\t\t\t<\/div>\n\t\t<\/div>\n\t\t\t\t\t<\/div>\n\t\t<\/section>\n\t\t\t\t<section class=\"elementor-section elementor-top-section elementor-element elementor-element-82caae5 elementor-section-boxed elementor-section-height-default elementor-section-height-default\" data-id=\"82caae5\" data-element_type=\"section\">\n\t\t\t\t\t\t<div class=\"elementor-container elementor-column-gap-default\">\n\t\t\t\t\t<div class=\"elementor-column elementor-col-100 elementor-top-column elementor-element elementor-element-80ce1f7\" data-id=\"80ce1f7\" data-element_type=\"column\">\n\t\t\t<div class=\"elementor-widget-wrap elementor-element-populated\">\n\t\t\t\t\t\t<div class=\"elementor-element elementor-element-41281e8 elementor-hidden-phone elementor-widget elementor-widget-spacer\" data-id=\"41281e8\" data-element_type=\"widget\" data-widget_type=\"spacer.default\">\n\t\t\t\t<div class=\"elementor-widget-container\">\n\t\t\t\t\t\t\t<div class=\"elementor-spacer\">\n\t\t\t<div class=\"elementor-spacer-inner\"><\/div>\n\t\t<\/div>\n\t\t\t\t\t\t<\/div>\n\t\t\t\t<\/div>\n\t\t\t\t<div class=\"elementor-element elementor-element-e275ffc elementor-widget-divider--view-line elementor-widget elementor-widget-divider\" data-id=\"e275ffc\" data-element_type=\"widget\" data-widget_type=\"divider.default\">\n\t\t\t\t<div class=\"elementor-widget-container\">\n\t\t\t\t\t\t\t<div class=\"elementor-divider\">\n\t\t\t<span class=\"elementor-divider-separator\">\n\t\t\t\t\t\t<\/span>\n\t\t<\/div>\n\t\t\t\t\t\t<\/div>\n\t\t\t\t<\/div>\n\t\t\t\t\t<\/div>\n\t\t<\/div>\n\t\t\t\t\t<\/div>\n\t\t<\/section>\n\t\t\t\t<\/div>\n\t\t","protected":false},"excerpt":{"rendered":"<p>\u00dcBER MICH Wolfgang Strasser, MBA wohnhaft in St. Gilgen am Wolfgangsee Ich bin ein unabh\u00e4ngiger, objektiver und unparteilicher Sachverst\u00e4ndiger f\u00fcr Immobilien. Bereits seit 20 Jahren bin ich in der Immobilienbranche t\u00e4tig. Seit 2020 kann ich mein Know-how als allgemein beeideter und gerichtlich zertifizierter Sachverst\u00e4ndiger f\u00fcr Immobilienbewertung als Dienstleistung anbieten. Kontakt aufnehmen Jahr 2008 Ausbildung Immobilienverwalter&hellip;&nbsp;<a href=\"https:\/\/sv-strasser.at\/?page_id=13\" rel=\"bookmark\">Weiterlesen &raquo;<span class=\"screen-reader-text\">\u00dcber mich<\/span><\/a><\/p>\n","protected":false},"author":1,"featured_media":0,"parent":0,"menu_order":50,"comment_status":"closed","ping_status":"closed","template":"page-templates\/template-pagebuilder-full-width.php","meta":{"neve_meta_sidebar":"","neve_meta_container":"","neve_meta_enable_content_width":"off","neve_meta_content_width":70,"neve_meta_title_alignment":"","neve_meta_author_avatar":"","neve_post_elements_order":"","neve_meta_disable_header":"","neve_meta_disable_footer":"","neve_meta_disable_title":"","footnotes":""},"yoast_head":"<!-- This site is optimized with the Yoast SEO Premium plugin v22.8 (Yoast SEO v24.5) - https:\/\/yoast.com\/wordpress\/plugins\/seo\/ -->\n<title>SV Wolfgang Strasser<\/title>\n<meta name=\"robots\" content=\"index, follow, max-snippet:-1, max-image-preview:large, max-video-preview:-1\" \/>\n<link rel=\"canonical\" href=\"https:\/\/sv-strasser.at\/?page_id=13\" \/>\n<meta property=\"og:locale\" content=\"de_DE\" \/>\n<meta property=\"og:type\" content=\"article\" \/>\n<meta property=\"og:title\" content=\"\u00dcber mich\" \/>\n<meta property=\"og:description\" content=\"\u00dcBER MICH Wolfgang Strasser, MBA wohnhaft in St. Gilgen am Wolfgangsee Ich bin ein unabh\u00e4ngiger, objektiver und unparteilicher Sachverst\u00e4ndiger f\u00fcr Immobilien. Bereits seit 20 Jahren bin ich in der Immobilienbranche t\u00e4tig. Seit 2020 kann ich mein Know-how als allgemein beeideter und gerichtlich zertifizierter Sachverst\u00e4ndiger f\u00fcr Immobilienbewertung als Dienstleistung anbieten. Kontakt aufnehmen Jahr 2008 Ausbildung Immobilienverwalter&hellip;&nbsp;Weiterlesen &raquo;\u00dcber mich\" \/>\n<meta property=\"og:url\" content=\"https:\/\/sv-strasser.at\/?page_id=13\" \/>\n<meta property=\"og:site_name\" content=\"sv-strasser.at\" \/>\n<meta property=\"article:modified_time\" content=\"2022-03-23T09:44:47+00:00\" \/>\n<meta property=\"og:image\" content=\"http:\/\/sv-strasser.at\/wp-content\/uploads\/2021\/06\/wstrasser_profilbild-768x1152.jpg\" \/>\n<meta name=\"twitter:card\" content=\"summary_large_image\" \/>\n<meta name=\"twitter:label1\" content=\"Gesch\u00e4tzte Lesezeit\" \/>\n\t<meta name=\"twitter:data1\" content=\"1\u00a0Minute\" \/>\n<script type=\"application\/ld+json\" class=\"yoast-schema-graph\">{\"@context\":\"https:\/\/schema.org\",\"@graph\":[{\"@type\":\"WebPage\",\"@id\":\"https:\/\/sv-strasser.at\/?page_id=13\",\"url\":\"https:\/\/sv-strasser.at\/?page_id=13\",\"name\":\"SV Wolfgang Strasser\",\"isPartOf\":{\"@id\":\"https:\/\/sv-strasser.at\/#website\"},\"primaryImageOfPage\":{\"@id\":\"https:\/\/sv-strasser.at\/?page_id=13#primaryimage\"},\"image\":{\"@id\":\"https:\/\/sv-strasser.at\/?page_id=13#primaryimage\"},\"thumbnailUrl\":\"http:\/\/sv-strasser.at\/wp-content\/uploads\/2021\/06\/wstrasser_profilbild-768x1152.jpg\",\"datePublished\":\"2021-05-12T18:32:48+00:00\",\"dateModified\":\"2022-03-23T09:44:47+00:00\",\"breadcrumb\":{\"@id\":\"https:\/\/sv-strasser.at\/?page_id=13#breadcrumb\"},\"inLanguage\":\"de\",\"potentialAction\":[{\"@type\":\"ReadAction\",\"target\":[\"https:\/\/sv-strasser.at\/?page_id=13\"]}]},{\"@type\":\"ImageObject\",\"inLanguage\":\"de\",\"@id\":\"https:\/\/sv-strasser.at\/?page_id=13#primaryimage\",\"url\":\"https:\/\/sv-strasser.at\/wp-content\/uploads\/2021\/06\/wstrasser_profilbild.jpg\",\"contentUrl\":\"https:\/\/sv-strasser.at\/wp-content\/uploads\/2021\/06\/wstrasser_profilbild.jpg\",\"width\":1707,\"height\":2560,\"caption\":\"Profil Bild von Wolfgang Strasser\"},{\"@type\":\"BreadcrumbList\",\"@id\":\"https:\/\/sv-strasser.at\/?page_id=13#breadcrumb\",\"itemListElement\":[{\"@type\":\"ListItem\",\"position\":1,\"name\":\"Home\",\"item\":\"https:\/\/sv-strasser.at\/\"},{\"@type\":\"ListItem\",\"position\":2,\"name\":\"\u00dcber mich\"}]},{\"@type\":\"WebSite\",\"@id\":\"https:\/\/sv-strasser.at\/#website\",\"url\":\"https:\/\/sv-strasser.at\/\",\"name\":\"sv-strasser.at\",\"description\":\"Liegenschaftbewertung &amp; Immobilienberatung\",\"publisher\":{\"@id\":\"https:\/\/sv-strasser.at\/#\/schema\/person\/47015ff8fabc4c877dc060831058928b\"},\"potentialAction\":[{\"@type\":\"SearchAction\",\"target\":{\"@type\":\"EntryPoint\",\"urlTemplate\":\"https:\/\/sv-strasser.at\/?s={search_term_string}\"},\"query-input\":{\"@type\":\"PropertyValueSpecification\",\"valueRequired\":true,\"valueName\":\"search_term_string\"}}],\"inLanguage\":\"de\"},{\"@type\":[\"Person\",\"Organization\"],\"@id\":\"https:\/\/sv-strasser.at\/#\/schema\/person\/47015ff8fabc4c877dc060831058928b\",\"name\":\"Wolfgang Strasser\",\"image\":{\"@type\":\"ImageObject\",\"inLanguage\":\"de\",\"@id\":\"https:\/\/sv-strasser.at\/#\/schema\/person\/image\/\",\"url\":\"https:\/\/sv-strasser.at\/wp-content\/uploads\/2021\/05\/haus-grafik-von-wstrasser.jpg\",\"contentUrl\":\"https:\/\/sv-strasser.at\/wp-content\/uploads\/2021\/05\/haus-grafik-von-wstrasser.jpg\",\"width\":67,\"height\":67,\"caption\":\"Wolfgang Strasser\"},\"logo\":{\"@id\":\"https:\/\/sv-strasser.at\/#\/schema\/person\/image\/\"},\"sameAs\":[\"http:\/\/sv-strasser.at\"],\"honorificSuffix\":\"MBA\",\"birthDate\":\"1984-04-18\",\"gender\":\"m\u00e4nnlich\"}]}<\/script>\n<!-- \/ Yoast SEO Premium plugin. -->","yoast_head_json":{"title":"SV Wolfgang Strasser","robots":{"index":"index","follow":"follow","max-snippet":"max-snippet:-1","max-image-preview":"max-image-preview:large","max-video-preview":"max-video-preview:-1"},"canonical":"https:\/\/sv-strasser.at\/?page_id=13","og_locale":"de_DE","og_type":"article","og_title":"\u00dcber mich","og_description":"\u00dcBER MICH Wolfgang Strasser, MBA wohnhaft in St. Gilgen am Wolfgangsee Ich bin ein unabh\u00e4ngiger, objektiver und unparteilicher Sachverst\u00e4ndiger f\u00fcr Immobilien. Bereits seit 20 Jahren bin ich in der Immobilienbranche t\u00e4tig. Seit 2020 kann ich mein Know-how als allgemein beeideter und gerichtlich zertifizierter Sachverst\u00e4ndiger f\u00fcr Immobilienbewertung als Dienstleistung anbieten. Kontakt aufnehmen Jahr 2008 Ausbildung Immobilienverwalter&hellip;&nbsp;Weiterlesen &raquo;\u00dcber mich","og_url":"https:\/\/sv-strasser.at\/?page_id=13","og_site_name":"sv-strasser.at","article_modified_time":"2022-03-23T09:44:47+00:00","og_image":[{"url":"http:\/\/sv-strasser.at\/wp-content\/uploads\/2021\/06\/wstrasser_profilbild-768x1152.jpg","type":"","width":"","height":""}],"twitter_card":"summary_large_image","twitter_misc":{"Gesch\u00e4tzte Lesezeit":"1\u00a0Minute"},"schema":{"@context":"https:\/\/schema.org","@graph":[{"@type":"WebPage","@id":"https:\/\/sv-strasser.at\/?page_id=13","url":"https:\/\/sv-strasser.at\/?page_id=13","name":"SV Wolfgang Strasser","isPartOf":{"@id":"https:\/\/sv-strasser.at\/#website"},"primaryImageOfPage":{"@id":"https:\/\/sv-strasser.at\/?page_id=13#primaryimage"},"image":{"@id":"https:\/\/sv-strasser.at\/?page_id=13#primaryimage"},"thumbnailUrl":"http:\/\/sv-strasser.at\/wp-content\/uploads\/2021\/06\/wstrasser_profilbild-768x1152.jpg","datePublished":"2021-05-12T18:32:48+00:00","dateModified":"2022-03-23T09:44:47+00:00","breadcrumb":{"@id":"https:\/\/sv-strasser.at\/?page_id=13#breadcrumb"},"inLanguage":"de","potentialAction":[{"@type":"ReadAction","target":["https:\/\/sv-strasser.at\/?page_id=13"]}]},{"@type":"ImageObject","inLanguage":"de","@id":"https:\/\/sv-strasser.at\/?page_id=13#primaryimage","url":"https:\/\/sv-strasser.at\/wp-content\/uploads\/2021\/06\/wstrasser_profilbild.jpg","contentUrl":"https:\/\/sv-strasser.at\/wp-content\/uploads\/2021\/06\/wstrasser_profilbild.jpg","width":1707,"height":2560,"caption":"Profil Bild von Wolfgang Strasser"},{"@type":"BreadcrumbList","@id":"https:\/\/sv-strasser.at\/?page_id=13#breadcrumb","itemListElement":[{"@type":"ListItem","position":1,"name":"Home","item":"https:\/\/sv-strasser.at\/"},{"@type":"ListItem","position":2,"name":"\u00dcber mich"}]},{"@type":"WebSite","@id":"https:\/\/sv-strasser.at\/#website","url":"https:\/\/sv-strasser.at\/","name":"sv-strasser.at","description":"Liegenschaftbewertung &amp; Immobilienberatung","publisher":{"@id":"https:\/\/sv-strasser.at\/#\/schema\/person\/47015ff8fabc4c877dc060831058928b"},"potentialAction":[{"@type":"SearchAction","target":{"@type":"EntryPoint","urlTemplate":"https:\/\/sv-strasser.at\/?s={search_term_string}"},"query-input":{"@type":"PropertyValueSpecification","valueRequired":true,"valueName":"search_term_string"}}],"inLanguage":"de"},{"@type":["Person","Organization"],"@id":"https:\/\/sv-strasser.at\/#\/schema\/person\/47015ff8fabc4c877dc060831058928b","name":"Wolfgang Strasser","image":{"@type":"ImageObject","inLanguage":"de","@id":"https:\/\/sv-strasser.at\/#\/schema\/person\/image\/","url":"https:\/\/sv-strasser.at\/wp-content\/uploads\/2021\/05\/haus-grafik-von-wstrasser.jpg","contentUrl":"https:\/\/sv-strasser.at\/wp-content\/uploads\/2021\/05\/haus-grafik-von-wstrasser.jpg","width":67,"height":67,"caption":"Wolfgang Strasser"},"logo":{"@id":"https:\/\/sv-strasser.at\/#\/schema\/person\/image\/"},"sameAs":["http:\/\/sv-strasser.at"],"honorificSuffix":"MBA","birthDate":"1984-04-18","gender":"m\u00e4nnlich"}]}},"_links":{"self":[{"href":"https:\/\/sv-strasser.at\/index.php?rest_route=\/wp\/v2\/pages\/13"}],"collection":[{"href":"https:\/\/sv-strasser.at\/index.php?rest_route=\/wp\/v2\/pages"}],"about":[{"href":"https:\/\/sv-strasser.at\/index.php?rest_route=\/wp\/v2\/types\/page"}],"author":[{"embeddable":true,"href":"https:\/\/sv-strasser.at\/index.php?rest_route=\/wp\/v2\/users\/1"}],"replies":[{"embeddable":true,"href":"https:\/\/sv-strasser.at\/index.php?rest_route=%2Fwp%2Fv2%2Fcomments&post=13"}],"version-history":[{"count":72,"href":"https:\/\/sv-strasser.at\/index.php?rest_route=\/wp\/v2\/pages\/13\/revisions"}],"predecessor-version":[{"id":741,"href":"https:\/\/sv-strasser.at\/index.php?rest_route=\/wp\/v2\/pages\/13\/revisions\/741"}],"wp:attachment":[{"href":"https:\/\/sv-strasser.at\/index.php?rest_route=%2Fwp%2Fv2%2Fmedia&parent=13"}],"curies":[{"name":"wp","href":"https:\/\/api.w.org\/{rel}","templated":true}]}}