{"id":17,"date":"2021-05-12T18:36:00","date_gmt":"2021-05-12T18:36:00","guid":{"rendered":"http:\/\/sv-strasser.at\/?page_id=17"},"modified":"2022-03-23T10:41:42","modified_gmt":"2022-03-23T09:41:42","slug":"bewertung","status":"publish","type":"page","link":"https:\/\/sv-strasser.at\/?page_id=17","title":{"rendered":"Bewertung"},"content":{"rendered":"\t\t<div data-elementor-type=\"wp-page\" data-elementor-id=\"17\" class=\"elementor elementor-17\">\n\t\t\t\t\t\t<section class=\"elementor-section elementor-top-section elementor-element elementor-element-f4572da elementor-section-boxed elementor-section-height-default elementor-section-height-default\" data-id=\"f4572da\" data-element_type=\"section\">\n\t\t\t\t\t\t<div class=\"elementor-container elementor-column-gap-default\">\n\t\t\t\t\t<div class=\"elementor-column elementor-col-100 elementor-top-column elementor-element elementor-element-5de9dfe\" data-id=\"5de9dfe\" data-element_type=\"column\">\n\t\t\t<div class=\"elementor-widget-wrap elementor-element-populated\">\n\t\t\t\t\t\t<div class=\"elementor-element elementor-element-6c9fd6c elementor-widget elementor-widget-image\" data-id=\"6c9fd6c\" data-element_type=\"widget\" data-widget_type=\"image.default\">\n\t\t\t\t<div class=\"elementor-widget-container\">\n\t\t\t\t\t\t\t\t\t\t\t\t\t\t\t\t<a href=\"http:\/\/sv-strasser.at\/wp-content\/uploads\/2021\/06\/w-strasser-beim-plan-lesen.jpg\" data-elementor-open-lightbox=\"yes\" data-elementor-lightbox-title=\"W. Strasser beim Plan lesen\" data-e-action-hash=\"#elementor-action%3Aaction%3Dlightbox%26settings%3DeyJpZCI6MzQ2LCJ1cmwiOiJodHRwczpcL1wvc3Ytc3RyYXNzZXIuYXRcL3dwLWNvbnRlbnRcL3VwbG9hZHNcLzIwMjFcLzA2XC93LXN0cmFzc2VyLWJlaW0tcGxhbi1sZXNlbi5qcGcifQ%3D%3D\">\n\t\t\t\t\t\t\t<img fetchpriority=\"high\" decoding=\"async\" width=\"1500\" height=\"670\" src=\"https:\/\/sv-strasser.at\/wp-content\/uploads\/2021\/06\/w-strasser-beim-plan-lesen.jpg\" class=\"attachment-full size-full wp-image-346\" alt=\"W. Strasser beim Plan lesen\" srcset=\"https:\/\/sv-strasser.at\/wp-content\/uploads\/2021\/06\/w-strasser-beim-plan-lesen.jpg 1500w, https:\/\/sv-strasser.at\/wp-content\/uploads\/2021\/06\/w-strasser-beim-plan-lesen-300x134.jpg 300w, https:\/\/sv-strasser.at\/wp-content\/uploads\/2021\/06\/w-strasser-beim-plan-lesen-1024x457.jpg 1024w, https:\/\/sv-strasser.at\/wp-content\/uploads\/2021\/06\/w-strasser-beim-plan-lesen-768x343.jpg 768w\" sizes=\"(max-width: 1500px) 100vw, 1500px\" \/>\t\t\t\t\t\t\t\t<\/a>\n\t\t\t\t\t\t\t\t\t\t\t\t\t\t\t<\/div>\n\t\t\t\t<\/div>\n\t\t\t\t\t<\/div>\n\t\t<\/div>\n\t\t\t\t\t<\/div>\n\t\t<\/section>\n\t\t\t\t<section class=\"elementor-section elementor-top-section elementor-element elementor-element-fecac7b elementor-section-boxed elementor-section-height-default elementor-section-height-default\" data-id=\"fecac7b\" data-element_type=\"section\">\n\t\t\t\t\t\t<div class=\"elementor-container elementor-column-gap-default\">\n\t\t\t\t\t<div class=\"elementor-column elementor-col-100 elementor-top-column elementor-element elementor-element-f317223\" data-id=\"f317223\" data-element_type=\"column\">\n\t\t\t<div class=\"elementor-widget-wrap elementor-element-populated\">\n\t\t\t\t\t\t<div class=\"elementor-element elementor-element-04fec63 elementor-hidden-phone elementor-widget elementor-widget-spacer\" data-id=\"04fec63\" data-element_type=\"widget\" data-widget_type=\"spacer.default\">\n\t\t\t\t<div class=\"elementor-widget-container\">\n\t\t\t\t\t\t\t<div class=\"elementor-spacer\">\n\t\t\t<div class=\"elementor-spacer-inner\"><\/div>\n\t\t<\/div>\n\t\t\t\t\t\t<\/div>\n\t\t\t\t<\/div>\n\t\t\t\t\t<\/div>\n\t\t<\/div>\n\t\t\t\t\t<\/div>\n\t\t<\/section>\n\t\t\t\t<section class=\"elementor-section elementor-top-section elementor-element elementor-element-7aa6574 elementor-section-boxed elementor-section-height-default elementor-section-height-default\" data-id=\"7aa6574\" data-element_type=\"section\">\n\t\t\t\t\t\t<div class=\"elementor-container elementor-column-gap-default\">\n\t\t\t\t\t<div class=\"elementor-column elementor-col-100 elementor-top-column elementor-element elementor-element-1c6de8b\" data-id=\"1c6de8b\" data-element_type=\"column\">\n\t\t\t<div class=\"elementor-widget-wrap elementor-element-populated\">\n\t\t\t\t\t\t<div class=\"elementor-element elementor-element-e747e56 elementor-widget elementor-widget-heading\" data-id=\"e747e56\" data-element_type=\"widget\" data-widget_type=\"heading.default\">\n\t\t\t\t<div class=\"elementor-widget-container\">\n\t\t\t\t\t<h1 class=\"elementor-heading-title elementor-size-default\">Liegenschaftsbewertung<\/h1>\t\t\t\t<\/div>\n\t\t\t\t<\/div>\n\t\t\t\t\t<\/div>\n\t\t<\/div>\n\t\t\t\t\t<\/div>\n\t\t<\/section>\n\t\t\t\t<section class=\"elementor-section elementor-top-section elementor-element elementor-element-07aebc3 elementor-section-boxed elementor-section-height-default elementor-section-height-default\" data-id=\"07aebc3\" data-element_type=\"section\">\n\t\t\t\t\t\t<div class=\"elementor-container elementor-column-gap-default\">\n\t\t\t\t\t<div class=\"elementor-column elementor-col-100 elementor-top-column elementor-element elementor-element-34447db\" data-id=\"34447db\" data-element_type=\"column\">\n\t\t\t<div class=\"elementor-widget-wrap elementor-element-populated\">\n\t\t\t\t\t\t<div class=\"elementor-element elementor-element-1a4b1c1 elementor-widget elementor-widget-text-editor\" data-id=\"1a4b1c1\" data-element_type=\"widget\" data-widget_type=\"text-editor.default\">\n\t\t\t\t<div class=\"elementor-widget-container\">\n\t\t\t\t\t\t\t\t\t<p>Es gibt viele verschiedene Gr\u00fcnde f\u00fcr die Bewertung von Immobilien. Die Klarheit \u00fcber den Verkehrswert in Form eines professionellen, transparenten und aussagekr\u00e4ftigen Gutachtens von einem unabh\u00e4ngigen Sachverst\u00e4ndigen ist eine wichtige Entscheidungsgrundlage in vielen Bereichen:<\/p>\t\t\t\t\t\t\t\t<\/div>\n\t\t\t\t<\/div>\n\t\t\t\t\t<\/div>\n\t\t<\/div>\n\t\t\t\t\t<\/div>\n\t\t<\/section>\n\t\t\t\t<section class=\"elementor-section elementor-top-section elementor-element elementor-element-b0d5424 elementor-section-boxed elementor-section-height-default elementor-section-height-default\" data-id=\"b0d5424\" data-element_type=\"section\">\n\t\t\t\t\t\t<div class=\"elementor-container elementor-column-gap-default\">\n\t\t\t\t\t<div class=\"elementor-column elementor-col-100 elementor-top-column elementor-element elementor-element-41d6b0c\" data-id=\"41d6b0c\" data-element_type=\"column\">\n\t\t\t<div class=\"elementor-widget-wrap elementor-element-populated\">\n\t\t\t\t\t\t<div class=\"elementor-element elementor-element-45d9191 elementor-widget elementor-widget-text-editor\" data-id=\"45d9191\" data-element_type=\"widget\" data-widget_type=\"text-editor.default\">\n\t\t\t\t<div class=\"elementor-widget-container\">\n\t\t\t\t\t\t\t\t\t<ul><li>Kauf und Verkauf von Immobilien<\/li><li>Erbfall,<\/li><li>Einlage oder Entnahme aus Betriebsverm\u00f6gen<\/li><li>Schenkungen<\/li><li>Scheidungen<\/li><li>unternehmerische Zwecke<\/li><li>\u00dcbergabe,<\/li><li>Verm\u00f6gensteilung<\/li><\/ul>\t\t\t\t\t\t\t\t<\/div>\n\t\t\t\t<\/div>\n\t\t\t\t\t<\/div>\n\t\t<\/div>\n\t\t\t\t\t<\/div>\n\t\t<\/section>\n\t\t\t\t<section class=\"elementor-section elementor-top-section elementor-element elementor-element-181e0fb elementor-section-boxed elementor-section-height-default elementor-section-height-default\" data-id=\"181e0fb\" data-element_type=\"section\">\n\t\t\t\t\t\t<div class=\"elementor-container elementor-column-gap-default\">\n\t\t\t\t\t<div class=\"elementor-column elementor-col-100 elementor-top-column elementor-element elementor-element-8370adb\" data-id=\"8370adb\" data-element_type=\"column\">\n\t\t\t<div class=\"elementor-widget-wrap elementor-element-populated\">\n\t\t\t\t\t\t<div class=\"elementor-element elementor-element-4b389e9 elementor-widget elementor-widget-text-editor\" data-id=\"4b389e9\" data-element_type=\"widget\" data-widget_type=\"text-editor.default\">\n\t\t\t\t<div class=\"elementor-widget-container\">\n\t\t\t\t\t\t\t\t\t<p>Vertrauen Sie daher auf Experten. Ich erstelle alle Gutachten lt. Liegenschaftsbewertungsgesetz unter Ber\u00fccksichtigung der g\u00fcltigen Normen.<\/p>\t\t\t\t\t\t\t\t<\/div>\n\t\t\t\t<\/div>\n\t\t\t\t\t<\/div>\n\t\t<\/div>\n\t\t\t\t\t<\/div>\n\t\t<\/section>\n\t\t\t\t<section class=\"elementor-section elementor-top-section elementor-element elementor-element-1132409 elementor-section-boxed elementor-section-height-default elementor-section-height-default\" data-id=\"1132409\" data-element_type=\"section\">\n\t\t\t\t\t\t<div class=\"elementor-container elementor-column-gap-default\">\n\t\t\t\t\t<div class=\"elementor-column elementor-col-100 elementor-top-column elementor-element elementor-element-cfad3b3\" data-id=\"cfad3b3\" data-element_type=\"column\">\n\t\t\t<div class=\"elementor-widget-wrap elementor-element-populated\">\n\t\t\t\t\t\t<div class=\"elementor-element elementor-element-ed5e3f8 elementor-widget-divider--view-line elementor-widget elementor-widget-divider\" data-id=\"ed5e3f8\" data-element_type=\"widget\" data-widget_type=\"divider.default\">\n\t\t\t\t<div class=\"elementor-widget-container\">\n\t\t\t\t\t\t\t<div class=\"elementor-divider\">\n\t\t\t<span class=\"elementor-divider-separator\">\n\t\t\t\t\t\t<\/span>\n\t\t<\/div>\n\t\t\t\t\t\t<\/div>\n\t\t\t\t<\/div>\n\t\t\t\t\t<\/div>\n\t\t<\/div>\n\t\t\t\t\t<\/div>\n\t\t<\/section>\n\t\t\t\t<section class=\"elementor-section elementor-top-section elementor-element elementor-element-815b9e3 elementor-section-boxed elementor-section-height-default elementor-section-height-default\" data-id=\"815b9e3\" data-element_type=\"section\">\n\t\t\t\t\t\t<div class=\"elementor-container elementor-column-gap-default\">\n\t\t\t\t\t<div class=\"elementor-column elementor-col-100 elementor-top-column elementor-element elementor-element-a3016a6\" data-id=\"a3016a6\" data-element_type=\"column\">\n\t\t\t<div class=\"elementor-widget-wrap elementor-element-populated\">\n\t\t\t\t\t\t<div class=\"elementor-element elementor-element-c5533b2 elementor-widget elementor-widget-eael-adv-accordion\" data-id=\"c5533b2\" data-element_type=\"widget\" data-widget_type=\"eael-adv-accordion.default\">\n\t\t\t\t<div class=\"elementor-widget-container\">\n\t\t\t\t\t            <div class=\"eael-adv-accordion\" id=\"eael-adv-accordion-c5533b2\" data-scroll-on-click=\"no\" data-scroll-speed=\"300\" data-accordion-id=\"c5533b2\" data-accordion-type=\"accordion\" data-toogle-speed=\"300\">\n            <div class=\"eael-accordion-list\">\n\t\t\t\t\t<div id=\"gerichtssachverstndiger\" class=\"elementor-tab-title eael-accordion-header\" tabindex=\"0\" data-tab=\"1\" aria-controls=\"elementor-tab-content-2061\"><span class=\"fa-accordion-icon fa-accordion-icon-svg eaa-svg eael-advanced-accordion-icon-closed\"><svg xmlns=\"http:\/\/www.w3.org\/2000\/svg\" id=\"Ebene_1\" data-name=\"Ebene 1\" viewBox=\"0 0 16 16\"><defs><style>.cls-1,.cls-2{fill:#0c2350;}.cls-2{opacity:0.6;}<\/style><\/defs><rect class=\"cls-1\" y=\"11.8\" width=\"16\" height=\"0.26\"><\/rect><polygon class=\"cls-1\" points=\"6.23 4.44 6.23 7.63 1.07 7.72 1.07 11.43 1.33 11.43 1.33 7.96 6.23 7.88 6.23 11.43 6.49 11.43 6.49 4.66 14.67 3.61 14.67 11.43 14.93 11.43 14.93 3.32 6.23 4.44\"><\/polygon><rect class=\"cls-2\" x=\"4.43\" y=\"8.72\" width=\"0.26\" height=\"2.71\"><\/rect><rect class=\"cls-2\" x=\"2.76\" y=\"8.72\" width=\"0.26\" height=\"2.71\"><\/rect><rect class=\"cls-2\" x=\"13.11\" y=\"4.64\" width=\"0.26\" height=\"2.83\"><\/rect><rect class=\"cls-2\" x=\"7.7\" y=\"5.35\" width=\"0.26\" height=\"2.12\"><\/rect><rect class=\"cls-2\" x=\"9.5\" y=\"5.11\" width=\"0.26\" height=\"2.36\"><\/rect><rect class=\"cls-2\" x=\"11.25\" y=\"4.88\" width=\"0.26\" height=\"2.6\"><\/rect><polygon class=\"cls-1\" points=\"11.51 11.43 11.25 11.43 11.25 8.86 9.76 8.86 9.76 11.43 9.5 11.43 9.5 8.59 11.51 8.59 11.51 11.43\"><\/polygon><\/svg><\/span><span class=\"eael-advanced-accordion-icon-opened\"><i aria-hidden=\"true\" class=\"fa-accordion-icon fas fa-minus\"><\/i><\/span><span class=\"eael-accordion-tab-title\">Gerichtssachverst\u00e4ndiger<\/span><i aria-hidden=\"true\" class=\"fa-toggle fas fa-angle-right\"><\/i><\/div><div id=\"elementor-tab-content-2061\" class=\"eael-accordion-content clearfix\" data-tab=\"1\" aria-labelledby=\"gerichtssachverstndiger\"><ul><li>Wohnungseigentum \/ Wohnungseigentumsobjekte 94.20<\/li><li>Mietzins und Nutzungsentgelt 94.60<\/li><\/ul><ul><li style=\"list-style-type: none\">\u00a0<\/li><\/ul><\/div>\n\t\t\t\t\t<\/div><div class=\"eael-accordion-list\">\n\t\t\t\t\t<div id=\"privatgutachter\" class=\"elementor-tab-title eael-accordion-header\" tabindex=\"0\" data-tab=\"2\" aria-controls=\"elementor-tab-content-2062\"><span class=\"fa-accordion-icon fa-accordion-icon-svg eaa-svg eael-advanced-accordion-icon-closed\"><svg xmlns=\"http:\/\/www.w3.org\/2000\/svg\" id=\"Ebene_1\" data-name=\"Ebene 1\" viewBox=\"0 0 16 16\"><defs><style>.cls-1,.cls-2{fill:#0c2350;}.cls-2{opacity:0.6;}<\/style><\/defs><rect class=\"cls-1\" y=\"11.8\" width=\"16\" height=\"0.26\"><\/rect><polygon class=\"cls-1\" points=\"6.23 4.44 6.23 7.63 1.07 7.72 1.07 11.43 1.33 11.43 1.33 7.96 6.23 7.88 6.23 11.43 6.49 11.43 6.49 4.66 14.67 3.61 14.67 11.43 14.93 11.43 14.93 3.32 6.23 4.44\"><\/polygon><rect class=\"cls-2\" x=\"4.43\" y=\"8.72\" width=\"0.26\" height=\"2.71\"><\/rect><rect class=\"cls-2\" x=\"2.76\" y=\"8.72\" width=\"0.26\" height=\"2.71\"><\/rect><rect class=\"cls-2\" x=\"13.11\" y=\"4.64\" width=\"0.26\" height=\"2.83\"><\/rect><rect class=\"cls-2\" x=\"7.7\" y=\"5.35\" width=\"0.26\" height=\"2.12\"><\/rect><rect class=\"cls-2\" x=\"9.5\" y=\"5.11\" width=\"0.26\" height=\"2.36\"><\/rect><rect class=\"cls-2\" x=\"11.25\" y=\"4.88\" width=\"0.26\" height=\"2.6\"><\/rect><polygon class=\"cls-1\" points=\"11.51 11.43 11.25 11.43 11.25 8.86 9.76 8.86 9.76 11.43 9.5 11.43 9.5 8.59 11.51 8.59 11.51 11.43\"><\/polygon><\/svg><\/span><span class=\"eael-advanced-accordion-icon-opened\"><i aria-hidden=\"true\" class=\"fa-accordion-icon fas fa-minus\"><\/i><\/span><span class=\"eael-accordion-tab-title\">Privatgutachter<\/span><i aria-hidden=\"true\" class=\"fa-toggle fas fa-angle-right\"><\/i><\/div><div id=\"elementor-tab-content-2062\" class=\"eael-accordion-content clearfix\" data-tab=\"2\" aria-labelledby=\"privatgutachter\"><ul><li>Grundst\u00fccke<\/li><li>Wohnungseigentumsobjekte<ul><li>Wohnungen<\/li><li>Reihenh\u00e4user<\/li><li>Doppelhaush\u00e4lften etc.<\/li><\/ul><\/li><li>Einfamilienh\u00e4user<\/li><li>Zweifamilienh\u00e4user<\/li><li>Mehrparteienwohnh\u00e4user\/Zinsh\u00e4user<\/li><li>Gemischt genutzte Liegenschaften<\/li><li>B\u00fcro- und Gesch\u00e4ftsgeb\u00e4ude<\/li><li>Baurechtsliegenschaften<\/li><li>Super\u00e4difikate<\/li><\/ul><\/div>\n\t\t\t\t\t<\/div><\/div>\t\t\t\t<\/div>\n\t\t\t\t<\/div>\n\t\t\t\t\t<\/div>\n\t\t<\/div>\n\t\t\t\t\t<\/div>\n\t\t<\/section>\n\t\t\t\t<section class=\"elementor-section elementor-top-section elementor-element elementor-element-9c58c69 elementor-section-boxed elementor-section-height-default elementor-section-height-default\" data-id=\"9c58c69\" data-element_type=\"section\">\n\t\t\t\t\t\t<div class=\"elementor-container elementor-column-gap-default\">\n\t\t\t\t\t<div class=\"elementor-column elementor-col-100 elementor-top-column elementor-element elementor-element-f2d1378\" data-id=\"f2d1378\" data-element_type=\"column\">\n\t\t\t<div class=\"elementor-widget-wrap elementor-element-populated\">\n\t\t\t\t\t\t<div class=\"elementor-element elementor-element-ec40110 elementor-widget-divider--view-line elementor-widget elementor-widget-divider\" data-id=\"ec40110\" data-element_type=\"widget\" data-widget_type=\"divider.default\">\n\t\t\t\t<div class=\"elementor-widget-container\">\n\t\t\t\t\t\t\t<div class=\"elementor-divider\">\n\t\t\t<span class=\"elementor-divider-separator\">\n\t\t\t\t\t\t<\/span>\n\t\t<\/div>\n\t\t\t\t\t\t<\/div>\n\t\t\t\t<\/div>\n\t\t\t\t\t<\/div>\n\t\t<\/div>\n\t\t\t\t\t<\/div>\n\t\t<\/section>\n\t\t\t\t<\/div>\n\t\t","protected":false},"excerpt":{"rendered":"<p>Liegenschaftsbewertung Es gibt viele verschiedene Gr\u00fcnde f\u00fcr die Bewertung von Immobilien. Die Klarheit \u00fcber den Verkehrswert in Form eines professionellen, transparenten und aussagekr\u00e4ftigen Gutachtens von einem unabh\u00e4ngigen Sachverst\u00e4ndigen ist eine wichtige Entscheidungsgrundlage in vielen Bereichen: Kauf und Verkauf von Immobilien Erbfall, Einlage oder Entnahme aus Betriebsverm\u00f6gen Schenkungen Scheidungen unternehmerische Zwecke \u00dcbergabe, Verm\u00f6gensteilung Vertrauen Sie daher&hellip;&nbsp;<a href=\"https:\/\/sv-strasser.at\/?page_id=17\" rel=\"bookmark\">Weiterlesen &raquo;<span class=\"screen-reader-text\">Bewertung<\/span><\/a><\/p>\n","protected":false},"author":1,"featured_media":0,"parent":0,"menu_order":10,"comment_status":"closed","ping_status":"closed","template":"","meta":{"neve_meta_sidebar":"","neve_meta_container":"","neve_meta_enable_content_width":"off","neve_meta_content_width":70,"neve_meta_title_alignment":"","neve_meta_author_avatar":"","neve_post_elements_order":"","neve_meta_disable_header":"","neve_meta_disable_footer":"","neve_meta_disable_title":"on","footnotes":""},"yoast_head":"<!-- This site is optimized with the Yoast SEO Premium plugin v22.8 (Yoast SEO v24.5) - https:\/\/yoast.com\/wordpress\/plugins\/seo\/ -->\n<title>Liegenschaftsbewertung | Gutachten | SV Wolfgang Strasser<\/title>\n<meta name=\"description\" content=\"Als Sachverst\u00e4ndiger erstelle ich Ihnen eine Liegenschaftsbewertung und\/oder ein Gutachten f\u00fcr Kauf &amp; Verkauf, Erbfall, Schenkung etc.\" \/>\n<meta name=\"robots\" content=\"index, follow, max-snippet:-1, max-image-preview:large, max-video-preview:-1\" \/>\n<link rel=\"canonical\" href=\"https:\/\/sv-strasser.at\/?page_id=17\" \/>\n<meta property=\"og:locale\" content=\"de_DE\" \/>\n<meta property=\"og:type\" content=\"article\" \/>\n<meta property=\"og:title\" content=\"Bewertung\" \/>\n<meta property=\"og:description\" content=\"Als Sachverst\u00e4ndiger erstelle ich Ihnen eine Liegenschaftsbewertung und\/oder ein Gutachten f\u00fcr Kauf &amp; Verkauf, Erbfall, Schenkung etc.\" \/>\n<meta property=\"og:url\" content=\"https:\/\/sv-strasser.at\/?page_id=17\" \/>\n<meta property=\"og:site_name\" content=\"sv-strasser.at\" \/>\n<meta property=\"article:modified_time\" content=\"2022-03-23T09:41:42+00:00\" \/>\n<meta property=\"og:image\" content=\"http:\/\/sv-strasser.at\/wp-content\/uploads\/2021\/06\/w-strasser-beim-plan-lesen.jpg\" \/>\n<meta name=\"twitter:card\" content=\"summary_large_image\" \/>\n<meta name=\"twitter:label1\" content=\"Gesch\u00e4tzte Lesezeit\" \/>\n\t<meta name=\"twitter:data1\" content=\"1\u00a0Minute\" \/>\n<script type=\"application\/ld+json\" class=\"yoast-schema-graph\">{\"@context\":\"https:\/\/schema.org\",\"@graph\":[{\"@type\":\"WebPage\",\"@id\":\"https:\/\/sv-strasser.at\/?page_id=17\",\"url\":\"https:\/\/sv-strasser.at\/?page_id=17\",\"name\":\"Liegenschaftsbewertung | Gutachten | SV Wolfgang Strasser\",\"isPartOf\":{\"@id\":\"https:\/\/sv-strasser.at\/#website\"},\"primaryImageOfPage\":{\"@id\":\"https:\/\/sv-strasser.at\/?page_id=17#primaryimage\"},\"image\":{\"@id\":\"https:\/\/sv-strasser.at\/?page_id=17#primaryimage\"},\"thumbnailUrl\":\"http:\/\/sv-strasser.at\/wp-content\/uploads\/2021\/06\/w-strasser-beim-plan-lesen.jpg\",\"datePublished\":\"2021-05-12T18:36:00+00:00\",\"dateModified\":\"2022-03-23T09:41:42+00:00\",\"description\":\"Als Sachverst\u00e4ndiger erstelle ich Ihnen eine Liegenschaftsbewertung und\/oder ein Gutachten f\u00fcr Kauf & Verkauf, Erbfall, Schenkung etc.\",\"breadcrumb\":{\"@id\":\"https:\/\/sv-strasser.at\/?page_id=17#breadcrumb\"},\"inLanguage\":\"de\",\"potentialAction\":[{\"@type\":\"ReadAction\",\"target\":[\"https:\/\/sv-strasser.at\/?page_id=17\"]}]},{\"@type\":\"ImageObject\",\"inLanguage\":\"de\",\"@id\":\"https:\/\/sv-strasser.at\/?page_id=17#primaryimage\",\"url\":\"http:\/\/sv-strasser.at\/wp-content\/uploads\/2021\/06\/w-strasser-beim-plan-lesen.jpg\",\"contentUrl\":\"http:\/\/sv-strasser.at\/wp-content\/uploads\/2021\/06\/w-strasser-beim-plan-lesen.jpg\"},{\"@type\":\"BreadcrumbList\",\"@id\":\"https:\/\/sv-strasser.at\/?page_id=17#breadcrumb\",\"itemListElement\":[{\"@type\":\"ListItem\",\"position\":1,\"name\":\"Home\",\"item\":\"https:\/\/sv-strasser.at\/\"},{\"@type\":\"ListItem\",\"position\":2,\"name\":\"Bewertung\"}]},{\"@type\":\"WebSite\",\"@id\":\"https:\/\/sv-strasser.at\/#website\",\"url\":\"https:\/\/sv-strasser.at\/\",\"name\":\"sv-strasser.at\",\"description\":\"Liegenschaftbewertung &amp; Immobilienberatung\",\"publisher\":{\"@id\":\"https:\/\/sv-strasser.at\/#\/schema\/person\/47015ff8fabc4c877dc060831058928b\"},\"potentialAction\":[{\"@type\":\"SearchAction\",\"target\":{\"@type\":\"EntryPoint\",\"urlTemplate\":\"https:\/\/sv-strasser.at\/?s={search_term_string}\"},\"query-input\":{\"@type\":\"PropertyValueSpecification\",\"valueRequired\":true,\"valueName\":\"search_term_string\"}}],\"inLanguage\":\"de\"},{\"@type\":[\"Person\",\"Organization\"],\"@id\":\"https:\/\/sv-strasser.at\/#\/schema\/person\/47015ff8fabc4c877dc060831058928b\",\"name\":\"Wolfgang Strasser\",\"image\":{\"@type\":\"ImageObject\",\"inLanguage\":\"de\",\"@id\":\"https:\/\/sv-strasser.at\/#\/schema\/person\/image\/\",\"url\":\"https:\/\/sv-strasser.at\/wp-content\/uploads\/2021\/05\/haus-grafik-von-wstrasser.jpg\",\"contentUrl\":\"https:\/\/sv-strasser.at\/wp-content\/uploads\/2021\/05\/haus-grafik-von-wstrasser.jpg\",\"width\":67,\"height\":67,\"caption\":\"Wolfgang Strasser\"},\"logo\":{\"@id\":\"https:\/\/sv-strasser.at\/#\/schema\/person\/image\/\"},\"sameAs\":[\"http:\/\/sv-strasser.at\"],\"honorificSuffix\":\"MBA\",\"birthDate\":\"1984-04-18\",\"gender\":\"m\u00e4nnlich\"}]}<\/script>\n<!-- \/ Yoast SEO Premium plugin. -->","yoast_head_json":{"title":"Liegenschaftsbewertung | Gutachten | SV Wolfgang Strasser","description":"Als Sachverst\u00e4ndiger erstelle ich Ihnen eine Liegenschaftsbewertung und\/oder ein Gutachten f\u00fcr Kauf & Verkauf, Erbfall, Schenkung etc.","robots":{"index":"index","follow":"follow","max-snippet":"max-snippet:-1","max-image-preview":"max-image-preview:large","max-video-preview":"max-video-preview:-1"},"canonical":"https:\/\/sv-strasser.at\/?page_id=17","og_locale":"de_DE","og_type":"article","og_title":"Bewertung","og_description":"Als Sachverst\u00e4ndiger erstelle ich Ihnen eine Liegenschaftsbewertung und\/oder ein Gutachten f\u00fcr Kauf & Verkauf, Erbfall, Schenkung etc.","og_url":"https:\/\/sv-strasser.at\/?page_id=17","og_site_name":"sv-strasser.at","article_modified_time":"2022-03-23T09:41:42+00:00","og_image":[{"url":"http:\/\/sv-strasser.at\/wp-content\/uploads\/2021\/06\/w-strasser-beim-plan-lesen.jpg","type":"","width":"","height":""}],"twitter_card":"summary_large_image","twitter_misc":{"Gesch\u00e4tzte Lesezeit":"1\u00a0Minute"},"schema":{"@context":"https:\/\/schema.org","@graph":[{"@type":"WebPage","@id":"https:\/\/sv-strasser.at\/?page_id=17","url":"https:\/\/sv-strasser.at\/?page_id=17","name":"Liegenschaftsbewertung | Gutachten | SV Wolfgang Strasser","isPartOf":{"@id":"https:\/\/sv-strasser.at\/#website"},"primaryImageOfPage":{"@id":"https:\/\/sv-strasser.at\/?page_id=17#primaryimage"},"image":{"@id":"https:\/\/sv-strasser.at\/?page_id=17#primaryimage"},"thumbnailUrl":"http:\/\/sv-strasser.at\/wp-content\/uploads\/2021\/06\/w-strasser-beim-plan-lesen.jpg","datePublished":"2021-05-12T18:36:00+00:00","dateModified":"2022-03-23T09:41:42+00:00","description":"Als Sachverst\u00e4ndiger erstelle ich Ihnen eine Liegenschaftsbewertung und\/oder ein Gutachten f\u00fcr Kauf & Verkauf, Erbfall, Schenkung etc.","breadcrumb":{"@id":"https:\/\/sv-strasser.at\/?page_id=17#breadcrumb"},"inLanguage":"de","potentialAction":[{"@type":"ReadAction","target":["https:\/\/sv-strasser.at\/?page_id=17"]}]},{"@type":"ImageObject","inLanguage":"de","@id":"https:\/\/sv-strasser.at\/?page_id=17#primaryimage","url":"http:\/\/sv-strasser.at\/wp-content\/uploads\/2021\/06\/w-strasser-beim-plan-lesen.jpg","contentUrl":"http:\/\/sv-strasser.at\/wp-content\/uploads\/2021\/06\/w-strasser-beim-plan-lesen.jpg"},{"@type":"BreadcrumbList","@id":"https:\/\/sv-strasser.at\/?page_id=17#breadcrumb","itemListElement":[{"@type":"ListItem","position":1,"name":"Home","item":"https:\/\/sv-strasser.at\/"},{"@type":"ListItem","position":2,"name":"Bewertung"}]},{"@type":"WebSite","@id":"https:\/\/sv-strasser.at\/#website","url":"https:\/\/sv-strasser.at\/","name":"sv-strasser.at","description":"Liegenschaftbewertung &amp; Immobilienberatung","publisher":{"@id":"https:\/\/sv-strasser.at\/#\/schema\/person\/47015ff8fabc4c877dc060831058928b"},"potentialAction":[{"@type":"SearchAction","target":{"@type":"EntryPoint","urlTemplate":"https:\/\/sv-strasser.at\/?s={search_term_string}"},"query-input":{"@type":"PropertyValueSpecification","valueRequired":true,"valueName":"search_term_string"}}],"inLanguage":"de"},{"@type":["Person","Organization"],"@id":"https:\/\/sv-strasser.at\/#\/schema\/person\/47015ff8fabc4c877dc060831058928b","name":"Wolfgang Strasser","image":{"@type":"ImageObject","inLanguage":"de","@id":"https:\/\/sv-strasser.at\/#\/schema\/person\/image\/","url":"https:\/\/sv-strasser.at\/wp-content\/uploads\/2021\/05\/haus-grafik-von-wstrasser.jpg","contentUrl":"https:\/\/sv-strasser.at\/wp-content\/uploads\/2021\/05\/haus-grafik-von-wstrasser.jpg","width":67,"height":67,"caption":"Wolfgang Strasser"},"logo":{"@id":"https:\/\/sv-strasser.at\/#\/schema\/person\/image\/"},"sameAs":["http:\/\/sv-strasser.at"],"honorificSuffix":"MBA","birthDate":"1984-04-18","gender":"m\u00e4nnlich"}]}},"_links":{"self":[{"href":"https:\/\/sv-strasser.at\/index.php?rest_route=\/wp\/v2\/pages\/17"}],"collection":[{"href":"https:\/\/sv-strasser.at\/index.php?rest_route=\/wp\/v2\/pages"}],"about":[{"href":"https:\/\/sv-strasser.at\/index.php?rest_route=\/wp\/v2\/types\/page"}],"author":[{"embeddable":true,"href":"https:\/\/sv-strasser.at\/index.php?rest_route=\/wp\/v2\/users\/1"}],"replies":[{"embeddable":true,"href":"https:\/\/sv-strasser.at\/index.php?rest_route=%2Fwp%2Fv2%2Fcomments&post=17"}],"version-history":[{"count":55,"href":"https:\/\/sv-strasser.at\/index.php?rest_route=\/wp\/v2\/pages\/17\/revisions"}],"predecessor-version":[{"id":739,"href":"https:\/\/sv-strasser.at\/index.php?rest_route=\/wp\/v2\/pages\/17\/revisions\/739"}],"wp:attachment":[{"href":"https:\/\/sv-strasser.at\/index.php?rest_route=%2Fwp%2Fv2%2Fmedia&parent=17"}],"curies":[{"name":"wp","href":"https:\/\/api.w.org\/{rel}","templated":true}]}}