{"id":19,"date":"2021-05-12T18:36:11","date_gmt":"2021-05-12T18:36:11","guid":{"rendered":"http:\/\/sv-strasser.at\/?page_id=19"},"modified":"2022-03-23T10:43:31","modified_gmt":"2022-03-23T09:43:31","slug":"beratung","status":"publish","type":"page","link":"https:\/\/sv-strasser.at\/?page_id=19","title":{"rendered":"Beratung"},"content":{"rendered":"\t\t<div data-elementor-type=\"wp-page\" data-elementor-id=\"19\" class=\"elementor elementor-19\">\n\t\t\t\t\t\t<section class=\"elementor-section elementor-top-section elementor-element elementor-element-e916b7f elementor-section-boxed elementor-section-height-default elementor-section-height-default\" data-id=\"e916b7f\" data-element_type=\"section\">\n\t\t\t\t\t\t<div class=\"elementor-container elementor-column-gap-default\">\n\t\t\t\t\t<div class=\"elementor-column elementor-col-100 elementor-top-column elementor-element elementor-element-60a67c2\" data-id=\"60a67c2\" data-element_type=\"column\">\n\t\t\t<div class=\"elementor-widget-wrap elementor-element-populated\">\n\t\t\t\t\t\t<div class=\"elementor-element elementor-element-47e2792 elementor-widget elementor-widget-image\" data-id=\"47e2792\" data-element_type=\"widget\" data-widget_type=\"image.default\">\n\t\t\t\t<div class=\"elementor-widget-container\">\n\t\t\t\t\t\t\t\t\t\t\t\t\t\t\t\t<a href=\"http:\/\/sv-strasser.at\/wp-content\/uploads\/2021\/06\/w-strasser-mit-kundin-bei-einer-bewertung.jpg\" data-elementor-open-lightbox=\"yes\" data-elementor-lightbox-title=\"W. strasser mit Kundin bei einer Bewertung\" data-e-action-hash=\"#elementor-action%3Aaction%3Dlightbox%26settings%3DeyJpZCI6MzQ3LCJ1cmwiOiJodHRwczpcL1wvc3Ytc3RyYXNzZXIuYXRcL3dwLWNvbnRlbnRcL3VwbG9hZHNcLzIwMjFcLzA2XC93LXN0cmFzc2VyLW1pdC1rdW5kaW4tYmVpLWVpbmVyLWJld2VydHVuZy5qcGcifQ%3D%3D\">\n\t\t\t\t\t\t\t<img fetchpriority=\"high\" decoding=\"async\" width=\"1500\" height=\"670\" src=\"https:\/\/sv-strasser.at\/wp-content\/uploads\/2021\/06\/w-strasser-mit-kundin-bei-einer-bewertung.jpg\" class=\"attachment-full size-full wp-image-347\" alt=\"W. Strasser mit einer Kundin im Garten bei einer Bewertung\" srcset=\"https:\/\/sv-strasser.at\/wp-content\/uploads\/2021\/06\/w-strasser-mit-kundin-bei-einer-bewertung.jpg 1500w, https:\/\/sv-strasser.at\/wp-content\/uploads\/2021\/06\/w-strasser-mit-kundin-bei-einer-bewertung-300x134.jpg 300w, https:\/\/sv-strasser.at\/wp-content\/uploads\/2021\/06\/w-strasser-mit-kundin-bei-einer-bewertung-1024x457.jpg 1024w, https:\/\/sv-strasser.at\/wp-content\/uploads\/2021\/06\/w-strasser-mit-kundin-bei-einer-bewertung-768x343.jpg 768w\" sizes=\"(max-width: 1500px) 100vw, 1500px\" \/>\t\t\t\t\t\t\t\t<\/a>\n\t\t\t\t\t\t\t\t\t\t\t\t\t\t\t<\/div>\n\t\t\t\t<\/div>\n\t\t\t\t\t<\/div>\n\t\t<\/div>\n\t\t\t\t\t<\/div>\n\t\t<\/section>\n\t\t\t\t<section class=\"elementor-section elementor-top-section elementor-element elementor-element-49c38b2 elementor-section-boxed elementor-section-height-default elementor-section-height-default\" data-id=\"49c38b2\" data-element_type=\"section\">\n\t\t\t\t\t\t<div class=\"elementor-container elementor-column-gap-default\">\n\t\t\t\t\t<div class=\"elementor-column elementor-col-100 elementor-top-column elementor-element elementor-element-133706d\" data-id=\"133706d\" data-element_type=\"column\">\n\t\t\t<div class=\"elementor-widget-wrap elementor-element-populated\">\n\t\t\t\t\t\t<div class=\"elementor-element elementor-element-5e140c7 elementor-hidden-phone elementor-widget elementor-widget-spacer\" data-id=\"5e140c7\" data-element_type=\"widget\" data-widget_type=\"spacer.default\">\n\t\t\t\t<div class=\"elementor-widget-container\">\n\t\t\t\t\t\t\t<div class=\"elementor-spacer\">\n\t\t\t<div class=\"elementor-spacer-inner\"><\/div>\n\t\t<\/div>\n\t\t\t\t\t\t<\/div>\n\t\t\t\t<\/div>\n\t\t\t\t\t<\/div>\n\t\t<\/div>\n\t\t\t\t\t<\/div>\n\t\t<\/section>\n\t\t\t\t<section class=\"elementor-section elementor-top-section elementor-element elementor-element-fcc62c9 elementor-section-boxed elementor-section-height-default elementor-section-height-default\" data-id=\"fcc62c9\" data-element_type=\"section\">\n\t\t\t\t\t\t<div class=\"elementor-container elementor-column-gap-default\">\n\t\t\t\t\t<div class=\"elementor-column elementor-col-100 elementor-top-column elementor-element elementor-element-1ed841a\" data-id=\"1ed841a\" data-element_type=\"column\">\n\t\t\t<div class=\"elementor-widget-wrap elementor-element-populated\">\n\t\t\t\t\t\t<div class=\"elementor-element elementor-element-b358102 elementor-widget elementor-widget-heading\" data-id=\"b358102\" data-element_type=\"widget\" data-widget_type=\"heading.default\">\n\t\t\t\t<div class=\"elementor-widget-container\">\n\t\t\t\t\t<h1 class=\"elementor-heading-title elementor-size-default\">Immobilienberatung<\/h1>\t\t\t\t<\/div>\n\t\t\t\t<\/div>\n\t\t\t\t\t<\/div>\n\t\t<\/div>\n\t\t\t\t\t<\/div>\n\t\t<\/section>\n\t\t\t\t<section class=\"elementor-section elementor-top-section elementor-element elementor-element-8560b54 elementor-section-boxed elementor-section-height-default elementor-section-height-default\" data-id=\"8560b54\" data-element_type=\"section\">\n\t\t\t\t\t\t<div class=\"elementor-container elementor-column-gap-default\">\n\t\t\t\t\t<div class=\"elementor-column elementor-col-100 elementor-top-column elementor-element elementor-element-3b87015\" data-id=\"3b87015\" data-element_type=\"column\">\n\t\t\t<div class=\"elementor-widget-wrap elementor-element-populated\">\n\t\t\t\t\t\t<div class=\"elementor-element elementor-element-a84f71f elementor-widget elementor-widget-text-editor\" data-id=\"a84f71f\" data-element_type=\"widget\" data-widget_type=\"text-editor.default\">\n\t\t\t\t<div class=\"elementor-widget-container\">\n\t\t\t\t\t\t\t\t\t<p>Eine komplexe Fragestellung erfordert konkrete und kompetente Antworten. Wer sich f\u00fcr eine Immobilie entscheidet, sollte die Gefahren und Nachteile kennen. Egal ob der Kauf oder Verkauf einer Immobilie oder die Anmietung bzw. Vermietung einer Immobilie.<\/p><p>Durch meine langj\u00e4hrige Erfahrung am Immobilienmarkt kann ich Ihnen eine pers\u00f6nliche, professionelle und nachhaltige Immobilienberatung gew\u00e4hrleisten. Ich informiere Sie \u00fcber die Vor- und Nachteile Ihrer Immobilie, wodurch die Entscheidungsfindung vereinfacht wird. F\u00fcr alle Fragen und Unklarheiten stehe ich Ihnen beratend zur Seite.\u00a0<\/p><p>Des Weiteren arbeite ich eng mit Experten im bautechnischen wie auch im Finanzierungsbereich zusammen.<\/p>\t\t\t\t\t\t\t\t<\/div>\n\t\t\t\t<\/div>\n\t\t\t\t\t<\/div>\n\t\t<\/div>\n\t\t\t\t\t<\/div>\n\t\t<\/section>\n\t\t\t\t<section class=\"elementor-section elementor-top-section elementor-element elementor-element-410cac4 elementor-section-boxed elementor-section-height-default elementor-section-height-default\" data-id=\"410cac4\" data-element_type=\"section\">\n\t\t\t\t\t\t<div class=\"elementor-container elementor-column-gap-default\">\n\t\t\t\t\t<div class=\"elementor-column elementor-col-100 elementor-top-column elementor-element elementor-element-7a70ea4\" data-id=\"7a70ea4\" data-element_type=\"column\">\n\t\t\t<div class=\"elementor-widget-wrap elementor-element-populated\">\n\t\t\t\t\t\t<div class=\"elementor-element elementor-element-25bd579 elementor-widget-divider--view-line elementor-widget elementor-widget-divider\" data-id=\"25bd579\" data-element_type=\"widget\" data-widget_type=\"divider.default\">\n\t\t\t\t<div class=\"elementor-widget-container\">\n\t\t\t\t\t\t\t<div class=\"elementor-divider\">\n\t\t\t<span class=\"elementor-divider-separator\">\n\t\t\t\t\t\t<\/span>\n\t\t<\/div>\n\t\t\t\t\t\t<\/div>\n\t\t\t\t<\/div>\n\t\t\t\t\t<\/div>\n\t\t<\/div>\n\t\t\t\t\t<\/div>\n\t\t<\/section>\n\t\t\t\t<section class=\"elementor-section elementor-top-section elementor-element elementor-element-9bd612a elementor-section-boxed elementor-section-height-default elementor-section-height-default\" data-id=\"9bd612a\" data-element_type=\"section\">\n\t\t\t\t\t\t<div class=\"elementor-container elementor-column-gap-default\">\n\t\t\t\t\t<div class=\"elementor-column elementor-col-100 elementor-top-column elementor-element elementor-element-1f2f945\" data-id=\"1f2f945\" data-element_type=\"column\">\n\t\t\t<div class=\"elementor-widget-wrap elementor-element-populated\">\n\t\t\t\t\t\t<div class=\"elementor-element elementor-element-1474d77 elementor-widget elementor-widget-eael-adv-accordion\" data-id=\"1474d77\" data-element_type=\"widget\" data-widget_type=\"eael-adv-accordion.default\">\n\t\t\t\t<div class=\"elementor-widget-container\">\n\t\t\t\t\t            <div class=\"eael-adv-accordion\" id=\"eael-adv-accordion-1474d77\" data-scroll-on-click=\"no\" data-scroll-speed=\"300\" data-accordion-id=\"1474d77\" data-accordion-type=\"accordion\" data-toogle-speed=\"300\">\n            <div class=\"eael-accordion-list\">\n\t\t\t\t\t<div id=\"objektive-immobilienberatung\" class=\"elementor-tab-title eael-accordion-header\" tabindex=\"0\" data-tab=\"1\" aria-controls=\"elementor-tab-content-2141\"><span class=\"fa-accordion-icon fa-accordion-icon-svg eaa-svg eael-advanced-accordion-icon-closed\"><svg xmlns=\"http:\/\/www.w3.org\/2000\/svg\" id=\"Ebene_1\" data-name=\"Ebene 1\" viewBox=\"0 0 16 16\"><defs><style>.cls-1,.cls-2{fill:#0c2350;}.cls-2{opacity:0.6;}<\/style><\/defs><rect class=\"cls-1\" y=\"11.8\" width=\"16\" height=\"0.26\"><\/rect><polygon class=\"cls-1\" points=\"6.23 4.44 6.23 7.63 1.07 7.72 1.07 11.43 1.33 11.43 1.33 7.96 6.23 7.88 6.23 11.43 6.49 11.43 6.49 4.66 14.67 3.61 14.67 11.43 14.93 11.43 14.93 3.32 6.23 4.44\"><\/polygon><rect class=\"cls-2\" x=\"4.43\" y=\"8.72\" width=\"0.26\" height=\"2.71\"><\/rect><rect class=\"cls-2\" x=\"2.76\" y=\"8.72\" width=\"0.26\" height=\"2.71\"><\/rect><rect class=\"cls-2\" x=\"13.11\" y=\"4.64\" width=\"0.26\" height=\"2.83\"><\/rect><rect class=\"cls-2\" x=\"7.7\" y=\"5.35\" width=\"0.26\" height=\"2.12\"><\/rect><rect class=\"cls-2\" x=\"9.5\" y=\"5.11\" width=\"0.26\" height=\"2.36\"><\/rect><rect class=\"cls-2\" x=\"11.25\" y=\"4.88\" width=\"0.26\" height=\"2.6\"><\/rect><polygon class=\"cls-1\" points=\"11.51 11.43 11.25 11.43 11.25 8.86 9.76 8.86 9.76 11.43 9.5 11.43 9.5 8.59 11.51 8.59 11.51 11.43\"><\/polygon><\/svg><\/span><span class=\"eael-advanced-accordion-icon-opened\"><i aria-hidden=\"true\" class=\"fa-accordion-icon fas fa-minus\"><\/i><\/span><span class=\"eael-accordion-tab-title\">Objektive Immobilienberatung<\/span><i aria-hidden=\"true\" class=\"fa-toggle fas fa-angle-right\"><\/i><\/div><div id=\"elementor-tab-content-2141\" class=\"eael-accordion-content clearfix\" data-tab=\"1\" aria-labelledby=\"objektive-immobilienberatung\"><p>Immobilien-Consulting unbeeinflusst von Vermarktungsinteressen und einer Provisionsabh\u00e4ngigkeit:<\/p><ul><li>Anlegerobjekte<\/li><li>Immobilienankauf<\/li><li>Immobilienverkauf<\/li><\/ul><\/div>\n\t\t\t\t\t<\/div><div class=\"eael-accordion-list\">\n\t\t\t\t\t<div id=\"mietobjektebestandsobjekte\" class=\"elementor-tab-title eael-accordion-header\" tabindex=\"0\" data-tab=\"2\" aria-controls=\"elementor-tab-content-2142\"><span class=\"fa-accordion-icon fa-accordion-icon-svg eaa-svg eael-advanced-accordion-icon-closed\"><svg xmlns=\"http:\/\/www.w3.org\/2000\/svg\" id=\"Ebene_1\" data-name=\"Ebene 1\" viewBox=\"0 0 16 16\"><defs><style>.cls-1,.cls-2{fill:#0c2350;}.cls-2{opacity:0.6;}<\/style><\/defs><rect class=\"cls-1\" y=\"11.8\" width=\"16\" height=\"0.26\"><\/rect><polygon class=\"cls-1\" points=\"6.23 4.44 6.23 7.63 1.07 7.72 1.07 11.43 1.33 11.43 1.33 7.96 6.23 7.88 6.23 11.43 6.49 11.43 6.49 4.66 14.67 3.61 14.67 11.43 14.93 11.43 14.93 3.32 6.23 4.44\"><\/polygon><rect class=\"cls-2\" x=\"4.43\" y=\"8.72\" width=\"0.26\" height=\"2.71\"><\/rect><rect class=\"cls-2\" x=\"2.76\" y=\"8.72\" width=\"0.26\" height=\"2.71\"><\/rect><rect class=\"cls-2\" x=\"13.11\" y=\"4.64\" width=\"0.26\" height=\"2.83\"><\/rect><rect class=\"cls-2\" x=\"7.7\" y=\"5.35\" width=\"0.26\" height=\"2.12\"><\/rect><rect class=\"cls-2\" x=\"9.5\" y=\"5.11\" width=\"0.26\" height=\"2.36\"><\/rect><rect class=\"cls-2\" x=\"11.25\" y=\"4.88\" width=\"0.26\" height=\"2.6\"><\/rect><polygon class=\"cls-1\" points=\"11.51 11.43 11.25 11.43 11.25 8.86 9.76 8.86 9.76 11.43 9.5 11.43 9.5 8.59 11.51 8.59 11.51 11.43\"><\/polygon><\/svg><\/span><span class=\"eael-advanced-accordion-icon-opened\"><i aria-hidden=\"true\" class=\"fa-accordion-icon fas fa-minus\"><\/i><\/span><span class=\"eael-accordion-tab-title\">Mietobjekte\/Bestandsobjekte<\/span><i aria-hidden=\"true\" class=\"fa-toggle fas fa-angle-right\"><\/i><\/div><div id=\"elementor-tab-content-2142\" class=\"eael-accordion-content clearfix\" data-tab=\"2\" aria-labelledby=\"mietobjektebestandsobjekte\"><p>Risikominimierung und Fehlervermeidung bei Anmietungen und Vermietungen:<\/p><ul><li>Bonit\u00e4tspr\u00fcfung von Mietern\u00a0<\/li><li>schriftlicher Mietvertrag\/Bestandsvertrag<\/li><li>passende Befristungsdauer<\/li><li>wertgesicherter Mietzins\/Bestandszins<\/li><li>Kaution<\/li><li>professionelle \u00dcbergabe<\/li><\/ul><\/div>\n\t\t\t\t\t<\/div><\/div>\t\t\t\t<\/div>\n\t\t\t\t<\/div>\n\t\t\t\t\t<\/div>\n\t\t<\/div>\n\t\t\t\t\t<\/div>\n\t\t<\/section>\n\t\t\t\t<section class=\"elementor-section elementor-top-section elementor-element elementor-element-35c78da elementor-section-boxed elementor-section-height-default elementor-section-height-default\" data-id=\"35c78da\" data-element_type=\"section\">\n\t\t\t\t\t\t<div class=\"elementor-container elementor-column-gap-default\">\n\t\t\t\t\t<div class=\"elementor-column elementor-col-100 elementor-top-column elementor-element elementor-element-b5c0423\" data-id=\"b5c0423\" data-element_type=\"column\">\n\t\t\t<div class=\"elementor-widget-wrap elementor-element-populated\">\n\t\t\t\t\t\t<div class=\"elementor-element elementor-element-29b499a elementor-widget-divider--view-line elementor-widget elementor-widget-divider\" data-id=\"29b499a\" data-element_type=\"widget\" data-widget_type=\"divider.default\">\n\t\t\t\t<div class=\"elementor-widget-container\">\n\t\t\t\t\t\t\t<div class=\"elementor-divider\">\n\t\t\t<span class=\"elementor-divider-separator\">\n\t\t\t\t\t\t<\/span>\n\t\t<\/div>\n\t\t\t\t\t\t<\/div>\n\t\t\t\t<\/div>\n\t\t\t\t\t<\/div>\n\t\t<\/div>\n\t\t\t\t\t<\/div>\n\t\t<\/section>\n\t\t\t\t<\/div>\n\t\t","protected":false},"excerpt":{"rendered":"<p>Immobilienberatung Eine komplexe Fragestellung erfordert konkrete und kompetente Antworten. Wer sich f\u00fcr eine Immobilie entscheidet, sollte die Gefahren und Nachteile kennen. Egal ob der Kauf oder Verkauf einer Immobilie oder die Anmietung bzw. Vermietung einer Immobilie. Durch meine langj\u00e4hrige Erfahrung am Immobilienmarkt kann ich Ihnen eine pers\u00f6nliche, professionelle und nachhaltige Immobilienberatung gew\u00e4hrleisten. Ich informiere Sie&hellip;&nbsp;<a href=\"https:\/\/sv-strasser.at\/?page_id=19\" rel=\"bookmark\">Weiterlesen &raquo;<span class=\"screen-reader-text\">Beratung<\/span><\/a><\/p>\n","protected":false},"author":1,"featured_media":0,"parent":0,"menu_order":30,"comment_status":"closed","ping_status":"closed","template":"","meta":{"neve_meta_sidebar":"","neve_meta_container":"","neve_meta_enable_content_width":"off","neve_meta_content_width":70,"neve_meta_title_alignment":"","neve_meta_author_avatar":"","neve_post_elements_order":"","neve_meta_disable_header":"","neve_meta_disable_footer":"","neve_meta_disable_title":"on","footnotes":""},"yoast_head":"<!-- This site is optimized with the Yoast SEO Premium plugin v22.8 (Yoast SEO v24.5) - https:\/\/yoast.com\/wordpress\/plugins\/seo\/ -->\n<title>Immobilienberatung | SV Wolfgang Strasser<\/title>\n<meta name=\"robots\" content=\"index, follow, max-snippet:-1, max-image-preview:large, max-video-preview:-1\" \/>\n<link rel=\"canonical\" href=\"https:\/\/sv-strasser.at\/?page_id=19\" \/>\n<meta property=\"og:locale\" content=\"de_DE\" \/>\n<meta property=\"og:type\" content=\"article\" \/>\n<meta property=\"og:title\" content=\"Beratung\" \/>\n<meta property=\"og:description\" content=\"Immobilienberatung Eine komplexe Fragestellung erfordert konkrete und kompetente Antworten. Wer sich f\u00fcr eine Immobilie entscheidet, sollte die Gefahren und Nachteile kennen. Egal ob der Kauf oder Verkauf einer Immobilie oder die Anmietung bzw. Vermietung einer Immobilie. Durch meine langj\u00e4hrige Erfahrung am Immobilienmarkt kann ich Ihnen eine pers\u00f6nliche, professionelle und nachhaltige Immobilienberatung gew\u00e4hrleisten. Ich informiere Sie&hellip;&nbsp;Weiterlesen &raquo;Beratung\" \/>\n<meta property=\"og:url\" content=\"https:\/\/sv-strasser.at\/?page_id=19\" \/>\n<meta property=\"og:site_name\" content=\"sv-strasser.at\" \/>\n<meta property=\"article:modified_time\" content=\"2022-03-23T09:43:31+00:00\" \/>\n<meta property=\"og:image\" content=\"http:\/\/sv-strasser.at\/wp-content\/uploads\/2021\/06\/w-strasser-mit-kundin-bei-einer-bewertung.jpg\" \/>\n<meta name=\"twitter:card\" content=\"summary_large_image\" \/>\n<meta name=\"twitter:label1\" content=\"Gesch\u00e4tzte Lesezeit\" \/>\n\t<meta name=\"twitter:data1\" content=\"1\u00a0Minute\" \/>\n<script type=\"application\/ld+json\" class=\"yoast-schema-graph\">{\"@context\":\"https:\/\/schema.org\",\"@graph\":[{\"@type\":\"WebPage\",\"@id\":\"https:\/\/sv-strasser.at\/?page_id=19\",\"url\":\"https:\/\/sv-strasser.at\/?page_id=19\",\"name\":\"Immobilienberatung | SV Wolfgang Strasser\",\"isPartOf\":{\"@id\":\"https:\/\/sv-strasser.at\/#website\"},\"primaryImageOfPage\":{\"@id\":\"https:\/\/sv-strasser.at\/?page_id=19#primaryimage\"},\"image\":{\"@id\":\"https:\/\/sv-strasser.at\/?page_id=19#primaryimage\"},\"thumbnailUrl\":\"http:\/\/sv-strasser.at\/wp-content\/uploads\/2021\/06\/w-strasser-mit-kundin-bei-einer-bewertung.jpg\",\"datePublished\":\"2021-05-12T18:36:11+00:00\",\"dateModified\":\"2022-03-23T09:43:31+00:00\",\"breadcrumb\":{\"@id\":\"https:\/\/sv-strasser.at\/?page_id=19#breadcrumb\"},\"inLanguage\":\"de\",\"potentialAction\":[{\"@type\":\"ReadAction\",\"target\":[\"https:\/\/sv-strasser.at\/?page_id=19\"]}]},{\"@type\":\"ImageObject\",\"inLanguage\":\"de\",\"@id\":\"https:\/\/sv-strasser.at\/?page_id=19#primaryimage\",\"url\":\"http:\/\/sv-strasser.at\/wp-content\/uploads\/2021\/06\/w-strasser-mit-kundin-bei-einer-bewertung.jpg\",\"contentUrl\":\"http:\/\/sv-strasser.at\/wp-content\/uploads\/2021\/06\/w-strasser-mit-kundin-bei-einer-bewertung.jpg\"},{\"@type\":\"BreadcrumbList\",\"@id\":\"https:\/\/sv-strasser.at\/?page_id=19#breadcrumb\",\"itemListElement\":[{\"@type\":\"ListItem\",\"position\":1,\"name\":\"Home\",\"item\":\"https:\/\/sv-strasser.at\/\"},{\"@type\":\"ListItem\",\"position\":2,\"name\":\"Beratung\"}]},{\"@type\":\"WebSite\",\"@id\":\"https:\/\/sv-strasser.at\/#website\",\"url\":\"https:\/\/sv-strasser.at\/\",\"name\":\"sv-strasser.at\",\"description\":\"Liegenschaftbewertung &amp; Immobilienberatung\",\"publisher\":{\"@id\":\"https:\/\/sv-strasser.at\/#\/schema\/person\/47015ff8fabc4c877dc060831058928b\"},\"potentialAction\":[{\"@type\":\"SearchAction\",\"target\":{\"@type\":\"EntryPoint\",\"urlTemplate\":\"https:\/\/sv-strasser.at\/?s={search_term_string}\"},\"query-input\":{\"@type\":\"PropertyValueSpecification\",\"valueRequired\":true,\"valueName\":\"search_term_string\"}}],\"inLanguage\":\"de\"},{\"@type\":[\"Person\",\"Organization\"],\"@id\":\"https:\/\/sv-strasser.at\/#\/schema\/person\/47015ff8fabc4c877dc060831058928b\",\"name\":\"Wolfgang Strasser\",\"image\":{\"@type\":\"ImageObject\",\"inLanguage\":\"de\",\"@id\":\"https:\/\/sv-strasser.at\/#\/schema\/person\/image\/\",\"url\":\"https:\/\/sv-strasser.at\/wp-content\/uploads\/2021\/05\/haus-grafik-von-wstrasser.jpg\",\"contentUrl\":\"https:\/\/sv-strasser.at\/wp-content\/uploads\/2021\/05\/haus-grafik-von-wstrasser.jpg\",\"width\":67,\"height\":67,\"caption\":\"Wolfgang Strasser\"},\"logo\":{\"@id\":\"https:\/\/sv-strasser.at\/#\/schema\/person\/image\/\"},\"sameAs\":[\"http:\/\/sv-strasser.at\"],\"honorificSuffix\":\"MBA\",\"birthDate\":\"1984-04-18\",\"gender\":\"m\u00e4nnlich\"}]}<\/script>\n<!-- \/ Yoast SEO Premium plugin. -->","yoast_head_json":{"title":"Immobilienberatung | SV Wolfgang Strasser","robots":{"index":"index","follow":"follow","max-snippet":"max-snippet:-1","max-image-preview":"max-image-preview:large","max-video-preview":"max-video-preview:-1"},"canonical":"https:\/\/sv-strasser.at\/?page_id=19","og_locale":"de_DE","og_type":"article","og_title":"Beratung","og_description":"Immobilienberatung Eine komplexe Fragestellung erfordert konkrete und kompetente Antworten. Wer sich f\u00fcr eine Immobilie entscheidet, sollte die Gefahren und Nachteile kennen. Egal ob der Kauf oder Verkauf einer Immobilie oder die Anmietung bzw. Vermietung einer Immobilie. Durch meine langj\u00e4hrige Erfahrung am Immobilienmarkt kann ich Ihnen eine pers\u00f6nliche, professionelle und nachhaltige Immobilienberatung gew\u00e4hrleisten. Ich informiere Sie&hellip;&nbsp;Weiterlesen &raquo;Beratung","og_url":"https:\/\/sv-strasser.at\/?page_id=19","og_site_name":"sv-strasser.at","article_modified_time":"2022-03-23T09:43:31+00:00","og_image":[{"url":"http:\/\/sv-strasser.at\/wp-content\/uploads\/2021\/06\/w-strasser-mit-kundin-bei-einer-bewertung.jpg","type":"","width":"","height":""}],"twitter_card":"summary_large_image","twitter_misc":{"Gesch\u00e4tzte Lesezeit":"1\u00a0Minute"},"schema":{"@context":"https:\/\/schema.org","@graph":[{"@type":"WebPage","@id":"https:\/\/sv-strasser.at\/?page_id=19","url":"https:\/\/sv-strasser.at\/?page_id=19","name":"Immobilienberatung | SV Wolfgang Strasser","isPartOf":{"@id":"https:\/\/sv-strasser.at\/#website"},"primaryImageOfPage":{"@id":"https:\/\/sv-strasser.at\/?page_id=19#primaryimage"},"image":{"@id":"https:\/\/sv-strasser.at\/?page_id=19#primaryimage"},"thumbnailUrl":"http:\/\/sv-strasser.at\/wp-content\/uploads\/2021\/06\/w-strasser-mit-kundin-bei-einer-bewertung.jpg","datePublished":"2021-05-12T18:36:11+00:00","dateModified":"2022-03-23T09:43:31+00:00","breadcrumb":{"@id":"https:\/\/sv-strasser.at\/?page_id=19#breadcrumb"},"inLanguage":"de","potentialAction":[{"@type":"ReadAction","target":["https:\/\/sv-strasser.at\/?page_id=19"]}]},{"@type":"ImageObject","inLanguage":"de","@id":"https:\/\/sv-strasser.at\/?page_id=19#primaryimage","url":"http:\/\/sv-strasser.at\/wp-content\/uploads\/2021\/06\/w-strasser-mit-kundin-bei-einer-bewertung.jpg","contentUrl":"http:\/\/sv-strasser.at\/wp-content\/uploads\/2021\/06\/w-strasser-mit-kundin-bei-einer-bewertung.jpg"},{"@type":"BreadcrumbList","@id":"https:\/\/sv-strasser.at\/?page_id=19#breadcrumb","itemListElement":[{"@type":"ListItem","position":1,"name":"Home","item":"https:\/\/sv-strasser.at\/"},{"@type":"ListItem","position":2,"name":"Beratung"}]},{"@type":"WebSite","@id":"https:\/\/sv-strasser.at\/#website","url":"https:\/\/sv-strasser.at\/","name":"sv-strasser.at","description":"Liegenschaftbewertung &amp; Immobilienberatung","publisher":{"@id":"https:\/\/sv-strasser.at\/#\/schema\/person\/47015ff8fabc4c877dc060831058928b"},"potentialAction":[{"@type":"SearchAction","target":{"@type":"EntryPoint","urlTemplate":"https:\/\/sv-strasser.at\/?s={search_term_string}"},"query-input":{"@type":"PropertyValueSpecification","valueRequired":true,"valueName":"search_term_string"}}],"inLanguage":"de"},{"@type":["Person","Organization"],"@id":"https:\/\/sv-strasser.at\/#\/schema\/person\/47015ff8fabc4c877dc060831058928b","name":"Wolfgang Strasser","image":{"@type":"ImageObject","inLanguage":"de","@id":"https:\/\/sv-strasser.at\/#\/schema\/person\/image\/","url":"https:\/\/sv-strasser.at\/wp-content\/uploads\/2021\/05\/haus-grafik-von-wstrasser.jpg","contentUrl":"https:\/\/sv-strasser.at\/wp-content\/uploads\/2021\/05\/haus-grafik-von-wstrasser.jpg","width":67,"height":67,"caption":"Wolfgang Strasser"},"logo":{"@id":"https:\/\/sv-strasser.at\/#\/schema\/person\/image\/"},"sameAs":["http:\/\/sv-strasser.at"],"honorificSuffix":"MBA","birthDate":"1984-04-18","gender":"m\u00e4nnlich"}]}},"_links":{"self":[{"href":"https:\/\/sv-strasser.at\/index.php?rest_route=\/wp\/v2\/pages\/19"}],"collection":[{"href":"https:\/\/sv-strasser.at\/index.php?rest_route=\/wp\/v2\/pages"}],"about":[{"href":"https:\/\/sv-strasser.at\/index.php?rest_route=\/wp\/v2\/types\/page"}],"author":[{"embeddable":true,"href":"https:\/\/sv-strasser.at\/index.php?rest_route=\/wp\/v2\/users\/1"}],"replies":[{"embeddable":true,"href":"https:\/\/sv-strasser.at\/index.php?rest_route=%2Fwp%2Fv2%2Fcomments&post=19"}],"version-history":[{"count":41,"href":"https:\/\/sv-strasser.at\/index.php?rest_route=\/wp\/v2\/pages\/19\/revisions"}],"predecessor-version":[{"id":724,"href":"https:\/\/sv-strasser.at\/index.php?rest_route=\/wp\/v2\/pages\/19\/revisions\/724"}],"wp:attachment":[{"href":"https:\/\/sv-strasser.at\/index.php?rest_route=%2Fwp%2Fv2%2Fmedia&parent=19"}],"curies":[{"name":"wp","href":"https:\/\/api.w.org\/{rel}","templated":true}]}}