{"id":23,"date":"2021-05-12T18:39:17","date_gmt":"2021-05-12T18:39:17","guid":{"rendered":"http:\/\/sv-strasser.at\/?page_id=23"},"modified":"2022-03-23T16:00:06","modified_gmt":"2022-03-23T15:00:06","slug":"impressum","status":"publish","type":"page","link":"https:\/\/sv-strasser.at\/?page_id=23","title":{"rendered":"Impressum"},"content":{"rendered":"\t\t<div data-elementor-type=\"wp-page\" data-elementor-id=\"23\" class=\"elementor elementor-23\">\n\t\t\t\t\t\t<section class=\"elementor-section elementor-top-section elementor-element elementor-element-5e099b64 elementor-section-boxed elementor-section-height-default elementor-section-height-default\" data-id=\"5e099b64\" data-element_type=\"section\">\n\t\t\t\t\t\t<div class=\"elementor-container elementor-column-gap-default\">\n\t\t\t\t\t<div class=\"elementor-column elementor-col-100 elementor-top-column elementor-element elementor-element-414265d9\" data-id=\"414265d9\" data-element_type=\"column\">\n\t\t\t<div class=\"elementor-widget-wrap elementor-element-populated\">\n\t\t\t\t\t\t<div class=\"elementor-element elementor-element-5a8a179 elementor-widget elementor-widget-spacer\" data-id=\"5a8a179\" data-element_type=\"widget\" data-widget_type=\"spacer.default\">\n\t\t\t\t<div class=\"elementor-widget-container\">\n\t\t\t\t\t\t\t<div class=\"elementor-spacer\">\n\t\t\t<div class=\"elementor-spacer-inner\"><\/div>\n\t\t<\/div>\n\t\t\t\t\t\t<\/div>\n\t\t\t\t<\/div>\n\t\t\t\t<div class=\"elementor-element elementor-element-e506a78 elementor-widget elementor-widget-heading\" data-id=\"e506a78\" data-element_type=\"widget\" data-widget_type=\"heading.default\">\n\t\t\t\t<div class=\"elementor-widget-container\">\n\t\t\t\t\t<h1 class=\"elementor-heading-title elementor-size-default\">Impressum<\/h1>\t\t\t\t<\/div>\n\t\t\t\t<\/div>\n\t\t\t\t<div class=\"elementor-element elementor-element-5286e96 elementor-widget elementor-widget-text-editor\" data-id=\"5286e96\" data-element_type=\"widget\" data-widget_type=\"text-editor.default\">\n\t\t\t\t<div class=\"elementor-widget-container\">\n\t\t\t\t\t\t\t\t\t<section id=\"comp-khair374\" class=\"_3QVX_ comp-khair374-container _3HaDB\" data-testid=\"section-container\">\n<div id=\"comp-khair387\" class=\"_1xBzm comp-khair387-container\">\n<div id=\"comp-khair38l\" class=\"_1xBzm comp-khair38l-container\">\n<div class=\"_3NuDC\">\n<p class=\"font_7\"><strong>Wolfgang Strasser, MBA<br><\/strong>Kochg\u00fctlweg 1<br>5340 St. Gilgen<\/p>\n<\/div>\n<div id=\"comp-khaiparh\" class=\"_1xBzm comp-khaiparh-container\">\n<div id=\"comp-kh0x3tsn\" class=\"_2bafp\" data-testid=\"richTextElement\">\n<p class=\"font_7\"><a href=\"mailto:wolfgang@sv-strasser.at\" target=\"_self\" rel=\"noopener\">wolfgang@sv-strasser.at<\/a><br><a href=\"tel:+436643528590\">+43 664 3528 590<\/a><\/p>\n<\/div>\n<p class=\"font_7\">Gewerbewortlaut:<br>Immobilientreuh\u00e4nder, eingeschr\u00e4nkt auf Immobilienmakler und Immobilienverwalter<\/p>\n<p class=\"font_7\">Mitglied im Hauptverband der allgemein beeideten und gerichtlich zertifizierten Sachverst\u00e4ndigen \u00d6sterreichs \u2013 Landesverband Ober\u00f6sterreich und Salzburg<\/p>\n<p class=\"font_7\">FG \u2013 94.20 Wohnungseigentum und 94.60 Mietzins und Nutzungsentgelt<\/p>\n<p>UID-Nummer:&nbsp;ATU62158836<\/p>\n<p class=\"font_7\">Beh\u00f6rde gem. ECG (E-Commerce Gesetz):<br>Bezirkshauptmannschaft&nbsp;Salzburg-Umgebung<\/p>\n<p class=\"font_7\"><span class=\"wixGuard\"><\/span><\/p>\n<p class=\"font_7\">Mitglied der Wirtschaftskammer Salzburg \u2013<br>FG Immobilien- und Verm\u00f6genstreuh\u00e4nder<br>www.ris.bka.gv.at<\/p>\n<\/div>\n<\/div>\n<\/div>\n<\/section>\n<footer id=\"comp-kh0wtxb2\" class=\"_30GbI comp-kh0wtxb2-container _3HaDB\" data-testid=\"section-container\">\n<section id=\"comp-kh0wtxb2_r_comp-kbgakgyt\" class=\"_3QVX_ comp-kh0wtxb2_r_comp-kbgakgyt-container _3HaDB\" data-testid=\"section-container\">\n<div id=\"comp-kh0wtxb2_r_comp-khalibgh\" class=\"_1xBzm comp-kh0wtxb2_r_comp-khalibgh-container\">\n<div id=\"comp-kh0wtxb2_r_comp-kh0xxt15\" class=\"_2bafp\" data-testid=\"richTextElement\"><br><\/div>\n<\/div>\n<\/section>\n<\/footer>\t\t\t\t\t\t\t\t<\/div>\n\t\t\t\t<\/div>\n\t\t\t\t\t<\/div>\n\t\t<\/div>\n\t\t\t\t\t<\/div>\n\t\t<\/section>\n\t\t\t\t<\/div>\n\t\t","protected":false},"excerpt":{"rendered":"<p>Impressum Wolfgang Strasser, MBA Kochg\u00fctlweg 1 5340 St. Gilgenwolfgang@sv-strasser.at +43 664 3528 590 Gewerbewortlaut: Immobilientreuh\u00e4nder, eingeschr\u00e4nkt auf Immobilienmakler und Immobilienverwalter Mitglied im Hauptverband der allgemein beeideten und gerichtlich zertifizierten Sachverst\u00e4ndigen \u00d6sterreichs \u2013 Landesverband Ober\u00f6sterreich und Salzburg FG \u2013 94.20 Wohnungseigentum und 94.60 Mietzins und Nutzungsentgelt UID-Nummer:\u00a0ATU62158836 Beh\u00f6rde gem. ECG (E-Commerce Gesetz): Bezirkshauptmannschaft\u00a0Salzburg-Umgebung Mitglied der Wirtschaftskammer&hellip;&nbsp;<a href=\"https:\/\/sv-strasser.at\/?page_id=23\" rel=\"bookmark\">Weiterlesen &raquo;<span class=\"screen-reader-text\">Impressum<\/span><\/a><\/p>\n","protected":false},"author":1,"featured_media":0,"parent":0,"menu_order":900,"comment_status":"closed","ping_status":"closed","template":"","meta":{"neve_meta_sidebar":"","neve_meta_container":"","neve_meta_enable_content_width":"off","neve_meta_content_width":70,"neve_meta_title_alignment":"","neve_meta_author_avatar":"","neve_post_elements_order":"","neve_meta_disable_header":"","neve_meta_disable_footer":"","neve_meta_disable_title":"on","footnotes":""},"yoast_head":"<!-- This site is optimized with the Yoast SEO Premium plugin v22.8 (Yoast SEO v24.5) - https:\/\/yoast.com\/wordpress\/plugins\/seo\/ -->\n<title>Impressum | sv-strasser.at<\/title>\n<meta name=\"robots\" content=\"noindex, follow\" \/>\n<meta property=\"og:locale\" content=\"de_DE\" \/>\n<meta property=\"og:type\" content=\"article\" \/>\n<meta property=\"og:title\" content=\"Impressum\" \/>\n<meta property=\"og:description\" content=\"Impressum Wolfgang Strasser, MBA Kochg\u00fctlweg 1 5340 St. Gilgenwolfgang@sv-strasser.at +43 664 3528 590 Gewerbewortlaut: Immobilientreuh\u00e4nder, eingeschr\u00e4nkt auf Immobilienmakler und Immobilienverwalter Mitglied im Hauptverband der allgemein beeideten und gerichtlich zertifizierten Sachverst\u00e4ndigen \u00d6sterreichs \u2013 Landesverband Ober\u00f6sterreich und Salzburg FG \u2013 94.20 Wohnungseigentum und 94.60 Mietzins und Nutzungsentgelt UID-Nummer:\u00a0ATU62158836 Beh\u00f6rde gem. ECG (E-Commerce Gesetz): Bezirkshauptmannschaft\u00a0Salzburg-Umgebung Mitglied der Wirtschaftskammer&hellip;&nbsp;Weiterlesen &raquo;Impressum\" \/>\n<meta property=\"og:url\" content=\"https:\/\/sv-strasser.at\/?page_id=23\" \/>\n<meta property=\"og:site_name\" content=\"sv-strasser.at\" \/>\n<meta property=\"article:modified_time\" content=\"2022-03-23T15:00:06+00:00\" \/>\n<meta name=\"twitter:card\" content=\"summary_large_image\" \/>\n<meta name=\"twitter:label1\" content=\"Gesch\u00e4tzte Lesezeit\" \/>\n\t<meta name=\"twitter:data1\" content=\"1\u00a0Minute\" \/>\n<script type=\"application\/ld+json\" class=\"yoast-schema-graph\">{\"@context\":\"https:\/\/schema.org\",\"@graph\":[{\"@type\":\"WebPage\",\"@id\":\"https:\/\/sv-strasser.at\/?page_id=23\",\"url\":\"https:\/\/sv-strasser.at\/?page_id=23\",\"name\":\"Impressum | sv-strasser.at\",\"isPartOf\":{\"@id\":\"https:\/\/sv-strasser.at\/#website\"},\"datePublished\":\"2021-05-12T18:39:17+00:00\",\"dateModified\":\"2022-03-23T15:00:06+00:00\",\"breadcrumb\":{\"@id\":\"https:\/\/sv-strasser.at\/?page_id=23#breadcrumb\"},\"inLanguage\":\"de\",\"potentialAction\":[{\"@type\":\"ReadAction\",\"target\":[\"https:\/\/sv-strasser.at\/?page_id=23\"]}]},{\"@type\":\"BreadcrumbList\",\"@id\":\"https:\/\/sv-strasser.at\/?page_id=23#breadcrumb\",\"itemListElement\":[{\"@type\":\"ListItem\",\"position\":1,\"name\":\"Home\",\"item\":\"https:\/\/sv-strasser.at\/\"},{\"@type\":\"ListItem\",\"position\":2,\"name\":\"Impressum\"}]},{\"@type\":\"WebSite\",\"@id\":\"https:\/\/sv-strasser.at\/#website\",\"url\":\"https:\/\/sv-strasser.at\/\",\"name\":\"sv-strasser.at\",\"description\":\"Liegenschaftbewertung &amp; Immobilienberatung\",\"publisher\":{\"@id\":\"https:\/\/sv-strasser.at\/#\/schema\/person\/47015ff8fabc4c877dc060831058928b\"},\"potentialAction\":[{\"@type\":\"SearchAction\",\"target\":{\"@type\":\"EntryPoint\",\"urlTemplate\":\"https:\/\/sv-strasser.at\/?s={search_term_string}\"},\"query-input\":{\"@type\":\"PropertyValueSpecification\",\"valueRequired\":true,\"valueName\":\"search_term_string\"}}],\"inLanguage\":\"de\"},{\"@type\":[\"Person\",\"Organization\"],\"@id\":\"https:\/\/sv-strasser.at\/#\/schema\/person\/47015ff8fabc4c877dc060831058928b\",\"name\":\"Wolfgang Strasser\",\"image\":{\"@type\":\"ImageObject\",\"inLanguage\":\"de\",\"@id\":\"https:\/\/sv-strasser.at\/#\/schema\/person\/image\/\",\"url\":\"https:\/\/sv-strasser.at\/wp-content\/uploads\/2021\/05\/haus-grafik-von-wstrasser.jpg\",\"contentUrl\":\"https:\/\/sv-strasser.at\/wp-content\/uploads\/2021\/05\/haus-grafik-von-wstrasser.jpg\",\"width\":67,\"height\":67,\"caption\":\"Wolfgang Strasser\"},\"logo\":{\"@id\":\"https:\/\/sv-strasser.at\/#\/schema\/person\/image\/\"},\"sameAs\":[\"http:\/\/sv-strasser.at\"],\"honorificSuffix\":\"MBA\",\"birthDate\":\"1984-04-18\",\"gender\":\"m\u00e4nnlich\"}]}<\/script>\n<!-- \/ Yoast SEO Premium plugin. -->","yoast_head_json":{"title":"Impressum | sv-strasser.at","robots":{"index":"noindex","follow":"follow"},"og_locale":"de_DE","og_type":"article","og_title":"Impressum","og_description":"Impressum Wolfgang Strasser, MBA Kochg\u00fctlweg 1 5340 St. Gilgenwolfgang@sv-strasser.at +43 664 3528 590 Gewerbewortlaut: Immobilientreuh\u00e4nder, eingeschr\u00e4nkt auf Immobilienmakler und Immobilienverwalter Mitglied im Hauptverband der allgemein beeideten und gerichtlich zertifizierten Sachverst\u00e4ndigen \u00d6sterreichs \u2013 Landesverband Ober\u00f6sterreich und Salzburg FG \u2013 94.20 Wohnungseigentum und 94.60 Mietzins und Nutzungsentgelt UID-Nummer:\u00a0ATU62158836 Beh\u00f6rde gem. ECG (E-Commerce Gesetz): Bezirkshauptmannschaft\u00a0Salzburg-Umgebung Mitglied der Wirtschaftskammer&hellip;&nbsp;Weiterlesen &raquo;Impressum","og_url":"https:\/\/sv-strasser.at\/?page_id=23","og_site_name":"sv-strasser.at","article_modified_time":"2022-03-23T15:00:06+00:00","twitter_card":"summary_large_image","twitter_misc":{"Gesch\u00e4tzte Lesezeit":"1\u00a0Minute"},"schema":{"@context":"https:\/\/schema.org","@graph":[{"@type":"WebPage","@id":"https:\/\/sv-strasser.at\/?page_id=23","url":"https:\/\/sv-strasser.at\/?page_id=23","name":"Impressum | sv-strasser.at","isPartOf":{"@id":"https:\/\/sv-strasser.at\/#website"},"datePublished":"2021-05-12T18:39:17+00:00","dateModified":"2022-03-23T15:00:06+00:00","breadcrumb":{"@id":"https:\/\/sv-strasser.at\/?page_id=23#breadcrumb"},"inLanguage":"de","potentialAction":[{"@type":"ReadAction","target":["https:\/\/sv-strasser.at\/?page_id=23"]}]},{"@type":"BreadcrumbList","@id":"https:\/\/sv-strasser.at\/?page_id=23#breadcrumb","itemListElement":[{"@type":"ListItem","position":1,"name":"Home","item":"https:\/\/sv-strasser.at\/"},{"@type":"ListItem","position":2,"name":"Impressum"}]},{"@type":"WebSite","@id":"https:\/\/sv-strasser.at\/#website","url":"https:\/\/sv-strasser.at\/","name":"sv-strasser.at","description":"Liegenschaftbewertung &amp; Immobilienberatung","publisher":{"@id":"https:\/\/sv-strasser.at\/#\/schema\/person\/47015ff8fabc4c877dc060831058928b"},"potentialAction":[{"@type":"SearchAction","target":{"@type":"EntryPoint","urlTemplate":"https:\/\/sv-strasser.at\/?s={search_term_string}"},"query-input":{"@type":"PropertyValueSpecification","valueRequired":true,"valueName":"search_term_string"}}],"inLanguage":"de"},{"@type":["Person","Organization"],"@id":"https:\/\/sv-strasser.at\/#\/schema\/person\/47015ff8fabc4c877dc060831058928b","name":"Wolfgang Strasser","image":{"@type":"ImageObject","inLanguage":"de","@id":"https:\/\/sv-strasser.at\/#\/schema\/person\/image\/","url":"https:\/\/sv-strasser.at\/wp-content\/uploads\/2021\/05\/haus-grafik-von-wstrasser.jpg","contentUrl":"https:\/\/sv-strasser.at\/wp-content\/uploads\/2021\/05\/haus-grafik-von-wstrasser.jpg","width":67,"height":67,"caption":"Wolfgang Strasser"},"logo":{"@id":"https:\/\/sv-strasser.at\/#\/schema\/person\/image\/"},"sameAs":["http:\/\/sv-strasser.at"],"honorificSuffix":"MBA","birthDate":"1984-04-18","gender":"m\u00e4nnlich"}]}},"_links":{"self":[{"href":"https:\/\/sv-strasser.at\/index.php?rest_route=\/wp\/v2\/pages\/23"}],"collection":[{"href":"https:\/\/sv-strasser.at\/index.php?rest_route=\/wp\/v2\/pages"}],"about":[{"href":"https:\/\/sv-strasser.at\/index.php?rest_route=\/wp\/v2\/types\/page"}],"author":[{"embeddable":true,"href":"https:\/\/sv-strasser.at\/index.php?rest_route=\/wp\/v2\/users\/1"}],"replies":[{"embeddable":true,"href":"https:\/\/sv-strasser.at\/index.php?rest_route=%2Fwp%2Fv2%2Fcomments&post=23"}],"version-history":[{"count":20,"href":"https:\/\/sv-strasser.at\/index.php?rest_route=\/wp\/v2\/pages\/23\/revisions"}],"predecessor-version":[{"id":748,"href":"https:\/\/sv-strasser.at\/index.php?rest_route=\/wp\/v2\/pages\/23\/revisions\/748"}],"wp:attachment":[{"href":"https:\/\/sv-strasser.at\/index.php?rest_route=%2Fwp%2Fv2%2Fmedia&parent=23"}],"curies":[{"name":"wp","href":"https:\/\/api.w.org\/{rel}","templated":true}]}}