{"id":94,"date":"2021-05-18T19:37:47","date_gmt":"2021-05-18T19:37:47","guid":{"rendered":"http:\/\/sv-strasser.at\/?page_id=94"},"modified":"2021-09-20T14:20:50","modified_gmt":"2021-09-20T12:20:50","slug":"honorare","status":"publish","type":"page","link":"https:\/\/sv-strasser.at\/?page_id=94","title":{"rendered":"Honorare"},"content":{"rendered":"\t\t<div data-elementor-type=\"wp-page\" data-elementor-id=\"94\" class=\"elementor elementor-94\">\n\t\t\t\t\t\t<section class=\"elementor-section elementor-top-section elementor-element elementor-element-fb10d72 elementor-section-boxed elementor-section-height-default elementor-section-height-default\" data-id=\"fb10d72\" data-element_type=\"section\">\n\t\t\t\t\t\t<div class=\"elementor-container elementor-column-gap-default\">\n\t\t\t\t\t<div class=\"elementor-column elementor-col-100 elementor-top-column elementor-element elementor-element-9a35a7d\" data-id=\"9a35a7d\" data-element_type=\"column\">\n\t\t\t<div class=\"elementor-widget-wrap elementor-element-populated\">\n\t\t\t\t\t\t<div class=\"elementor-element elementor-element-acee133 elementor-hidden-phone elementor-widget elementor-widget-spacer\" data-id=\"acee133\" data-element_type=\"widget\" data-widget_type=\"spacer.default\">\n\t\t\t\t<div class=\"elementor-widget-container\">\n\t\t\t\t\t\t\t<div class=\"elementor-spacer\">\n\t\t\t<div class=\"elementor-spacer-inner\"><\/div>\n\t\t<\/div>\n\t\t\t\t\t\t<\/div>\n\t\t\t\t<\/div>\n\t\t\t\t\t<\/div>\n\t\t<\/div>\n\t\t\t\t\t<\/div>\n\t\t<\/section>\n\t\t\t\t<section class=\"elementor-section elementor-top-section elementor-element elementor-element-652152c elementor-section-boxed elementor-section-height-default elementor-section-height-default\" data-id=\"652152c\" data-element_type=\"section\">\n\t\t\t\t\t\t<div class=\"elementor-container elementor-column-gap-default\">\n\t\t\t\t\t<div class=\"elementor-column elementor-col-100 elementor-top-column elementor-element elementor-element-631c5b3\" data-id=\"631c5b3\" data-element_type=\"column\">\n\t\t\t<div class=\"elementor-widget-wrap elementor-element-populated\">\n\t\t\t\t\t\t<div class=\"elementor-element elementor-element-4e360b9 elementor-widget elementor-widget-heading\" data-id=\"4e360b9\" data-element_type=\"widget\" data-widget_type=\"heading.default\">\n\t\t\t\t<div class=\"elementor-widget-container\">\n\t\t\t\t\t<h2 class=\"elementor-heading-title elementor-size-default\">HONORARE <\/h2>\t\t\t\t<\/div>\n\t\t\t\t<\/div>\n\t\t\t\t<div class=\"elementor-element elementor-element-eb41070 elementor-hidden-phone elementor-widget elementor-widget-spacer\" data-id=\"eb41070\" data-element_type=\"widget\" data-widget_type=\"spacer.default\">\n\t\t\t\t<div class=\"elementor-widget-container\">\n\t\t\t\t\t\t\t<div class=\"elementor-spacer\">\n\t\t\t<div class=\"elementor-spacer-inner\"><\/div>\n\t\t<\/div>\n\t\t\t\t\t\t<\/div>\n\t\t\t\t<\/div>\n\t\t\t\t\t<\/div>\n\t\t<\/div>\n\t\t\t\t\t<\/div>\n\t\t<\/section>\n\t\t\t\t<section class=\"elementor-section elementor-top-section elementor-element elementor-element-ac62831 elementor-section-boxed elementor-section-height-default elementor-section-height-default\" data-id=\"ac62831\" data-element_type=\"section\">\n\t\t\t\t\t\t<div class=\"elementor-container elementor-column-gap-default\">\n\t\t\t\t\t<div class=\"elementor-column elementor-col-100 elementor-top-column elementor-element elementor-element-c20b050\" data-id=\"c20b050\" data-element_type=\"column\">\n\t\t\t<div class=\"elementor-widget-wrap elementor-element-populated\">\n\t\t\t\t\t\t<div class=\"elementor-element elementor-element-e4618b1 elementor-widget elementor-widget-text-editor\" data-id=\"e4618b1\" data-element_type=\"widget\" data-widget_type=\"text-editor.default\">\n\t\t\t\t<div class=\"elementor-widget-container\">\n\t\t\t\t\t\t\t\t\t<p><span class=\"Stil7\">Das<strong>&nbsp;Honorar f\u00fcr Gerichtssachverst\u00e4ndige<\/strong>&nbsp;berechnet sich nach dem Geb\u00fchrenanspruchsgesetz.<\/span><\/p>\n<p><span class=\"Stil1\">Das Honorar ist abh\u00e4ngig vom Wert der Immobilie und ist insbesondere in \u00a7 51 (Geb\u00fchr f\u00fcr Haus- und Baugrundsch\u00e4tzungen) und auch in \u00a7 34 (&#8222;M\u00fchewaltung&#8220;) geregelt.<br>Link zum Sachverst\u00e4ndigenverband:&nbsp;<a href=\"http:\/\/www.sachverstaendige.at\/gebanspruch.html\" target=\"_blank\" rel=\"noopener\">www.sachverstaendige.at\/gebanspruch.htm<\/a>l<\/span><\/p>\n<p><span class=\"Stil7\">Das<strong>&nbsp;Honorar f\u00fcr Immobilienberatung<\/strong>&nbsp;wird je nach Umfang der Leistung und dem Zeitaufwand frei vereinbart.<\/span><\/p>\n<p>Die Entlohnung erfolgt auf der Basis eines Stunden- oder Tageshonorars, unbeeinflusst von (provisionsabh\u00e4ngigen) Immobilien-Vermarktungsinteressen bzw. Immobilienwerten.<\/p>\n<p><span class=\"Stil7\">Die<strong>&nbsp;Nebenkosten<\/strong><\/span>&nbsp;wie z.B. Fahrtkosten (&#8222;Amtliches Kilometergeld&#8220;), Telefonkosten, aufw\u00e4ndige Foto-Dokumentationen und \u00c4hnliches sowie gesonderte (Bar-)Auslagen werden extra, wie auch die gesetzliche Umsatzsteuer, in Rechnung gestellt.<\/p>\n<p>Da ich kein Produkt, sondern mein Wissen und meine Erfahrung verkaufe, halte ich mich auch streng an die Standesrichtlinien der Sachverst\u00e4ndigen \u00d6sterreichs:&nbsp;<a href=\"http:\/\/www.sachverstaendige.at\/standesregeln.html\" target=\"_blank\" rel=\"noopener\">www.sachverstaendige.at\/standesregeln.htm<\/a>l<\/p>\t\t\t\t\t\t\t\t<\/div>\n\t\t\t\t<\/div>\n\t\t\t\t\t<\/div>\n\t\t<\/div>\n\t\t\t\t\t<\/div>\n\t\t<\/section>\n\t\t\t\t<section class=\"elementor-section elementor-top-section elementor-element elementor-element-c39e926 elementor-section-boxed elementor-section-height-default elementor-section-height-default\" data-id=\"c39e926\" data-element_type=\"section\">\n\t\t\t\t\t\t<div class=\"elementor-container elementor-column-gap-default\">\n\t\t\t\t\t<div class=\"elementor-column elementor-col-100 elementor-top-column elementor-element elementor-element-9e24639\" data-id=\"9e24639\" data-element_type=\"column\">\n\t\t\t<div class=\"elementor-widget-wrap elementor-element-populated\">\n\t\t\t\t\t\t<div class=\"elementor-element elementor-element-b9e157c elementor-widget-divider--view-line elementor-widget elementor-widget-divider\" data-id=\"b9e157c\" data-element_type=\"widget\" data-widget_type=\"divider.default\">\n\t\t\t\t<div class=\"elementor-widget-container\">\n\t\t\t\t\t\t\t<div class=\"elementor-divider\">\n\t\t\t<span class=\"elementor-divider-separator\">\n\t\t\t\t\t\t<\/span>\n\t\t<\/div>\n\t\t\t\t\t\t<\/div>\n\t\t\t\t<\/div>\n\t\t\t\t\t<\/div>\n\t\t<\/div>\n\t\t\t\t\t<\/div>\n\t\t<\/section>\n\t\t\t\t<\/div>\n\t\t","protected":false},"excerpt":{"rendered":"<p>HONORARE Das\u00a0Honorar f\u00fcr Gerichtssachverst\u00e4ndige\u00a0berechnet sich nach dem Geb\u00fchrenanspruchsgesetz. Das Honorar ist abh\u00e4ngig vom Wert der Immobilie und ist insbesondere in \u00a7 51 (Geb\u00fchr f\u00fcr Haus- und Baugrundsch\u00e4tzungen) und auch in \u00a7 34 (&#8222;M\u00fchewaltung&#8220;) geregelt. Link zum Sachverst\u00e4ndigenverband:\u00a0www.sachverstaendige.at\/gebanspruch.html Das\u00a0Honorar f\u00fcr Immobilienberatung\u00a0wird je nach Umfang der Leistung und dem Zeitaufwand frei vereinbart. Die Entlohnung erfolgt auf der&hellip;&nbsp;<a href=\"https:\/\/sv-strasser.at\/?page_id=94\" rel=\"bookmark\">Weiterlesen &raquo;<span class=\"screen-reader-text\">Honorare<\/span><\/a><\/p>\n","protected":false},"author":1,"featured_media":0,"parent":0,"menu_order":40,"comment_status":"closed","ping_status":"closed","template":"page-templates\/template-pagebuilder-full-width.php","meta":{"neve_meta_sidebar":"","neve_meta_container":"","neve_meta_enable_content_width":"off","neve_meta_content_width":70,"neve_meta_title_alignment":"","neve_meta_author_avatar":"","neve_post_elements_order":"","neve_meta_disable_header":"","neve_meta_disable_footer":"","neve_meta_disable_title":"on","footnotes":""},"yoast_head":"<!-- This site is optimized with the Yoast SEO Premium plugin v22.8 (Yoast SEO v24.5) - https:\/\/yoast.com\/wordpress\/plugins\/seo\/ -->\n<title>Honorare | sv-strasser.at<\/title>\n<meta name=\"robots\" content=\"index, follow, max-snippet:-1, max-image-preview:large, max-video-preview:-1\" \/>\n<link rel=\"canonical\" href=\"https:\/\/sv-strasser.at\/?page_id=94\" \/>\n<meta property=\"og:locale\" content=\"de_DE\" \/>\n<meta property=\"og:type\" content=\"article\" \/>\n<meta property=\"og:title\" content=\"Honorare\" \/>\n<meta property=\"og:description\" content=\"HONORARE Das\u00a0Honorar f\u00fcr Gerichtssachverst\u00e4ndige\u00a0berechnet sich nach dem Geb\u00fchrenanspruchsgesetz. Das Honorar ist abh\u00e4ngig vom Wert der Immobilie und ist insbesondere in \u00a7 51 (Geb\u00fchr f\u00fcr Haus- und Baugrundsch\u00e4tzungen) und auch in \u00a7 34 (&#8222;M\u00fchewaltung&#8220;) geregelt. Link zum Sachverst\u00e4ndigenverband:\u00a0www.sachverstaendige.at\/gebanspruch.html Das\u00a0Honorar f\u00fcr Immobilienberatung\u00a0wird je nach Umfang der Leistung und dem Zeitaufwand frei vereinbart. Die Entlohnung erfolgt auf der&hellip;&nbsp;Weiterlesen &raquo;Honorare\" \/>\n<meta property=\"og:url\" content=\"https:\/\/sv-strasser.at\/?page_id=94\" \/>\n<meta property=\"og:site_name\" content=\"sv-strasser.at\" \/>\n<meta property=\"article:modified_time\" content=\"2021-09-20T12:20:50+00:00\" \/>\n<meta name=\"twitter:card\" content=\"summary_large_image\" \/>\n<meta name=\"twitter:label1\" content=\"Gesch\u00e4tzte Lesezeit\" \/>\n\t<meta name=\"twitter:data1\" content=\"1\u00a0Minute\" \/>\n<script type=\"application\/ld+json\" class=\"yoast-schema-graph\">{\"@context\":\"https:\/\/schema.org\",\"@graph\":[{\"@type\":\"WebPage\",\"@id\":\"https:\/\/sv-strasser.at\/?page_id=94\",\"url\":\"https:\/\/sv-strasser.at\/?page_id=94\",\"name\":\"Honorare | sv-strasser.at\",\"isPartOf\":{\"@id\":\"https:\/\/sv-strasser.at\/#website\"},\"datePublished\":\"2021-05-18T19:37:47+00:00\",\"dateModified\":\"2021-09-20T12:20:50+00:00\",\"breadcrumb\":{\"@id\":\"https:\/\/sv-strasser.at\/?page_id=94#breadcrumb\"},\"inLanguage\":\"de\",\"potentialAction\":[{\"@type\":\"ReadAction\",\"target\":[\"https:\/\/sv-strasser.at\/?page_id=94\"]}]},{\"@type\":\"BreadcrumbList\",\"@id\":\"https:\/\/sv-strasser.at\/?page_id=94#breadcrumb\",\"itemListElement\":[{\"@type\":\"ListItem\",\"position\":1,\"name\":\"Home\",\"item\":\"https:\/\/sv-strasser.at\/\"},{\"@type\":\"ListItem\",\"position\":2,\"name\":\"Honorare\"}]},{\"@type\":\"WebSite\",\"@id\":\"https:\/\/sv-strasser.at\/#website\",\"url\":\"https:\/\/sv-strasser.at\/\",\"name\":\"sv-strasser.at\",\"description\":\"Liegenschaftbewertung &amp; Immobilienberatung\",\"publisher\":{\"@id\":\"https:\/\/sv-strasser.at\/#\/schema\/person\/47015ff8fabc4c877dc060831058928b\"},\"potentialAction\":[{\"@type\":\"SearchAction\",\"target\":{\"@type\":\"EntryPoint\",\"urlTemplate\":\"https:\/\/sv-strasser.at\/?s={search_term_string}\"},\"query-input\":{\"@type\":\"PropertyValueSpecification\",\"valueRequired\":true,\"valueName\":\"search_term_string\"}}],\"inLanguage\":\"de\"},{\"@type\":[\"Person\",\"Organization\"],\"@id\":\"https:\/\/sv-strasser.at\/#\/schema\/person\/47015ff8fabc4c877dc060831058928b\",\"name\":\"Wolfgang Strasser\",\"image\":{\"@type\":\"ImageObject\",\"inLanguage\":\"de\",\"@id\":\"https:\/\/sv-strasser.at\/#\/schema\/person\/image\/\",\"url\":\"https:\/\/sv-strasser.at\/wp-content\/uploads\/2021\/05\/haus-grafik-von-wstrasser.jpg\",\"contentUrl\":\"https:\/\/sv-strasser.at\/wp-content\/uploads\/2021\/05\/haus-grafik-von-wstrasser.jpg\",\"width\":67,\"height\":67,\"caption\":\"Wolfgang Strasser\"},\"logo\":{\"@id\":\"https:\/\/sv-strasser.at\/#\/schema\/person\/image\/\"},\"sameAs\":[\"http:\/\/sv-strasser.at\"],\"honorificSuffix\":\"MBA\",\"birthDate\":\"1984-04-18\",\"gender\":\"m\u00e4nnlich\"}]}<\/script>\n<!-- \/ Yoast SEO Premium plugin. -->","yoast_head_json":{"title":"Honorare | sv-strasser.at","robots":{"index":"index","follow":"follow","max-snippet":"max-snippet:-1","max-image-preview":"max-image-preview:large","max-video-preview":"max-video-preview:-1"},"canonical":"https:\/\/sv-strasser.at\/?page_id=94","og_locale":"de_DE","og_type":"article","og_title":"Honorare","og_description":"HONORARE Das\u00a0Honorar f\u00fcr Gerichtssachverst\u00e4ndige\u00a0berechnet sich nach dem Geb\u00fchrenanspruchsgesetz. Das Honorar ist abh\u00e4ngig vom Wert der Immobilie und ist insbesondere in \u00a7 51 (Geb\u00fchr f\u00fcr Haus- und Baugrundsch\u00e4tzungen) und auch in \u00a7 34 (&#8222;M\u00fchewaltung&#8220;) geregelt. Link zum Sachverst\u00e4ndigenverband:\u00a0www.sachverstaendige.at\/gebanspruch.html Das\u00a0Honorar f\u00fcr Immobilienberatung\u00a0wird je nach Umfang der Leistung und dem Zeitaufwand frei vereinbart. Die Entlohnung erfolgt auf der&hellip;&nbsp;Weiterlesen &raquo;Honorare","og_url":"https:\/\/sv-strasser.at\/?page_id=94","og_site_name":"sv-strasser.at","article_modified_time":"2021-09-20T12:20:50+00:00","twitter_card":"summary_large_image","twitter_misc":{"Gesch\u00e4tzte Lesezeit":"1\u00a0Minute"},"schema":{"@context":"https:\/\/schema.org","@graph":[{"@type":"WebPage","@id":"https:\/\/sv-strasser.at\/?page_id=94","url":"https:\/\/sv-strasser.at\/?page_id=94","name":"Honorare | sv-strasser.at","isPartOf":{"@id":"https:\/\/sv-strasser.at\/#website"},"datePublished":"2021-05-18T19:37:47+00:00","dateModified":"2021-09-20T12:20:50+00:00","breadcrumb":{"@id":"https:\/\/sv-strasser.at\/?page_id=94#breadcrumb"},"inLanguage":"de","potentialAction":[{"@type":"ReadAction","target":["https:\/\/sv-strasser.at\/?page_id=94"]}]},{"@type":"BreadcrumbList","@id":"https:\/\/sv-strasser.at\/?page_id=94#breadcrumb","itemListElement":[{"@type":"ListItem","position":1,"name":"Home","item":"https:\/\/sv-strasser.at\/"},{"@type":"ListItem","position":2,"name":"Honorare"}]},{"@type":"WebSite","@id":"https:\/\/sv-strasser.at\/#website","url":"https:\/\/sv-strasser.at\/","name":"sv-strasser.at","description":"Liegenschaftbewertung &amp; Immobilienberatung","publisher":{"@id":"https:\/\/sv-strasser.at\/#\/schema\/person\/47015ff8fabc4c877dc060831058928b"},"potentialAction":[{"@type":"SearchAction","target":{"@type":"EntryPoint","urlTemplate":"https:\/\/sv-strasser.at\/?s={search_term_string}"},"query-input":{"@type":"PropertyValueSpecification","valueRequired":true,"valueName":"search_term_string"}}],"inLanguage":"de"},{"@type":["Person","Organization"],"@id":"https:\/\/sv-strasser.at\/#\/schema\/person\/47015ff8fabc4c877dc060831058928b","name":"Wolfgang Strasser","image":{"@type":"ImageObject","inLanguage":"de","@id":"https:\/\/sv-strasser.at\/#\/schema\/person\/image\/","url":"https:\/\/sv-strasser.at\/wp-content\/uploads\/2021\/05\/haus-grafik-von-wstrasser.jpg","contentUrl":"https:\/\/sv-strasser.at\/wp-content\/uploads\/2021\/05\/haus-grafik-von-wstrasser.jpg","width":67,"height":67,"caption":"Wolfgang Strasser"},"logo":{"@id":"https:\/\/sv-strasser.at\/#\/schema\/person\/image\/"},"sameAs":["http:\/\/sv-strasser.at"],"honorificSuffix":"MBA","birthDate":"1984-04-18","gender":"m\u00e4nnlich"}]}},"_links":{"self":[{"href":"https:\/\/sv-strasser.at\/index.php?rest_route=\/wp\/v2\/pages\/94"}],"collection":[{"href":"https:\/\/sv-strasser.at\/index.php?rest_route=\/wp\/v2\/pages"}],"about":[{"href":"https:\/\/sv-strasser.at\/index.php?rest_route=\/wp\/v2\/types\/page"}],"author":[{"embeddable":true,"href":"https:\/\/sv-strasser.at\/index.php?rest_route=\/wp\/v2\/users\/1"}],"replies":[{"embeddable":true,"href":"https:\/\/sv-strasser.at\/index.php?rest_route=%2Fwp%2Fv2%2Fcomments&post=94"}],"version-history":[{"count":17,"href":"https:\/\/sv-strasser.at\/index.php?rest_route=\/wp\/v2\/pages\/94\/revisions"}],"predecessor-version":[{"id":708,"href":"https:\/\/sv-strasser.at\/index.php?rest_route=\/wp\/v2\/pages\/94\/revisions\/708"}],"wp:attachment":[{"href":"https:\/\/sv-strasser.at\/index.php?rest_route=%2Fwp%2Fv2%2Fmedia&parent=94"}],"curies":[{"name":"wp","href":"https:\/\/api.w.org\/{rel}","templated":true}]}}